{"id":5791,"date":"2002-11-21T00:00:00","date_gmt":"2002-11-21T00:00:00","guid":{"rendered":"https:\/\/miners.rocks\/product\/orig-saurierzahn-5\/"},"modified":"2020-05-19T17:05:13","modified_gmt":"2020-05-19T17:05:13","slug":"orig-dent-de-saurien-6","status":"publish","type":"product","link":"https:\/\/westgem.shop\/fr\/produit\/orig-dent-de-saurien-6\/","title":{"rendered":"SAURIERZAHN original"},"content":{"rendered":"<p>\n\tDENTE originale d'un MOSA SAURUS dans la matrice originale = roche PHOSPHATE avec d'autres RESTE DE FOSSILE<\/p>\n<p>\n\tLe site \u00e9tait le plateau de phosphate dans la SAHARA occidentale.<\/p>\n<p>\n\tAFRIQUE DU NORD<\/p>\n<p>\n\t\u00c2ge du fossile : environ 90 millions d'ann\u00e9es !<\/p>\n<p>\n\tLa photo 3 montre l'arri\u00e8re avec la structure interne de la dent de dinosaure...<\/p>\n<p>\n\tPoids : 240 g Dimensions : 10 x 7 x 5 cm Dent : est de 4 cm de long<\/p>","protected":false},"excerpt":{"rendered":"<p>Dent originale d'un MOSA SAURUS dans la matrice originale = roche de PHOSPHATE avec d'autres restes de FOSSILES L'endroit de la d\u00e9couverte \u00e9tait le plateau de phosphate dans le SAHARA OCCIDENTAL AFRIQUE DU NORD \u00c2ge du fossile : env. 90 millions d'ann\u00e9es ! La photo 3 montre la face arri\u00e8re avec la structure interne de la dent de dinosaure... Poids : 240 g Dimensions : 10 x 7 x 5 cm Dent : mesure 4 cm de long<\/p>","protected":false},"featured_media":5792,"template":"","meta":{"_acf_changed":false},"region":[],"product_brand":[],"product_cat":[15],"product_tag":[],"class_list":{"0":"post-5791","1":"product","2":"type-product","3":"status-publish","4":"has-post-thumbnail","6":"product_cat-mineralien","8":"first","9":"outofstock","10":"sold-individually","11":"product-type-simple"},"acf":[],"_links":{"self":[{"href":"https:\/\/westgem.shop\/fr\/wp-json\/wp\/v2\/product\/5791","targetHints":{"allow":["GET"]}}],"collection":[{"href":"https:\/\/westgem.shop\/fr\/wp-json\/wp\/v2\/product"}],"about":[{"href":"https:\/\/westgem.shop\/fr\/wp-json\/wp\/v2\/types\/product"}],"wp:featuredmedia":[{"embeddable":true,"href":"https:\/\/westgem.shop\/fr\/wp-json\/wp\/v2\/media\/5792"}],"wp:attachment":[{"href":"https:\/\/westgem.shop\/fr\/wp-json\/wp\/v2\/media?parent=5791"}],"wp:term":[{"taxonomy":"region","embeddable":true,"href":"https:\/\/westgem.shop\/fr\/wp-json\/wp\/v2\/region?post=5791"},{"taxonomy":"product_brand","embeddable":true,"href":"https:\/\/westgem.shop\/fr\/wp-json\/wp\/v2\/product_brand?post=5791"},{"taxonomy":"product_cat","embeddable":true,"href":"https:\/\/westgem.shop\/fr\/wp-json\/wp\/v2\/product_cat?post=5791"},{"taxonomy":"product_tag","embeddable":true,"href":"https:\/\/westgem.shop\/fr\/wp-json\/wp\/v2\/product_tag?post=5791"}],"curies":[{"name":"wp","href":"https:\/\/api.w.org\/{rel}","templated":true}]}}