{"id":5795,"date":"2002-11-22T00:00:00","date_gmt":"2002-11-22T00:00:00","guid":{"rendered":"https:\/\/miners.rocks\/product\/saurierzahn\/"},"modified":"2020-05-19T17:05:13","modified_gmt":"2020-05-19T17:05:13","slug":"dent-de-saurien","status":"publish","type":"product","link":"https:\/\/westgem.shop\/fr\/produit\/dent-de-saurien\/","title":{"rendered":"SAURIERZAHN"},"content":{"rendered":"<p>\n\tOriginal _SAURIER ZAHN in Original Matrix<\/p>\n<p>\n\tDescription d\u00e9taill\u00e9e pour FOS090 ( en 1\u00e8re position)<\/p>\n<p>\n\tPoids : 180 g Dimensions : 10 x 8 x 5 cm La dent est longue de 4,5 cm<\/p>","protected":false},"excerpt":{"rendered":"<p>Dent originale de _SAURIER en matrice originale Description d\u00e9taill\u00e9e chez FOS090 ( en 1\u00e8re position) Poids : 180 g Dimensions : 10 x 8 x 5 cm La dent est longue de 4,5 cm<\/p>","protected":false},"featured_media":5796,"template":"","meta":{"_acf_changed":false},"region":[],"product_brand":[],"product_cat":[15],"product_tag":[],"class_list":{"0":"post-5795","1":"product","2":"type-product","3":"status-publish","4":"has-post-thumbnail","6":"product_cat-mineralien","8":"first","9":"outofstock","10":"sold-individually","11":"product-type-simple"},"acf":[],"_links":{"self":[{"href":"https:\/\/westgem.shop\/fr\/wp-json\/wp\/v2\/product\/5795","targetHints":{"allow":["GET"]}}],"collection":[{"href":"https:\/\/westgem.shop\/fr\/wp-json\/wp\/v2\/product"}],"about":[{"href":"https:\/\/westgem.shop\/fr\/wp-json\/wp\/v2\/types\/product"}],"wp:featuredmedia":[{"embeddable":true,"href":"https:\/\/westgem.shop\/fr\/wp-json\/wp\/v2\/media\/5796"}],"wp:attachment":[{"href":"https:\/\/westgem.shop\/fr\/wp-json\/wp\/v2\/media?parent=5795"}],"wp:term":[{"taxonomy":"region","embeddable":true,"href":"https:\/\/westgem.shop\/fr\/wp-json\/wp\/v2\/region?post=5795"},{"taxonomy":"product_brand","embeddable":true,"href":"https:\/\/westgem.shop\/fr\/wp-json\/wp\/v2\/product_brand?post=5795"},{"taxonomy":"product_cat","embeddable":true,"href":"https:\/\/westgem.shop\/fr\/wp-json\/wp\/v2\/product_cat?post=5795"},{"taxonomy":"product_tag","embeddable":true,"href":"https:\/\/westgem.shop\/fr\/wp-json\/wp\/v2\/product_tag?post=5795"}],"curies":[{"name":"wp","href":"https:\/\/api.w.org\/{rel}","templated":true}]}}