{"id":5799,"date":"2002-11-23T00:00:00","date_gmt":"2002-11-23T00:00:00","guid":{"rendered":"https:\/\/miners.rocks\/product\/titea-singularis-farn\/"},"modified":"2020-05-19T17:05:14","modified_gmt":"2020-05-19T17:05:14","slug":"titea-singularis-fougere","status":"publish","type":"product","link":"https:\/\/westgem.shop\/fr\/produit\/titea-singularis-fougere\/","title":{"rendered":"TITEA SINGULARIS - FOUG\u00c8RE"},"content":{"rendered":"<p>Les FARN H\u00f6LZER fossilis\u00e9es font partie des RARES !<\/p>\n<p>Nom latin : Titea Sindgularis<\/p>\n<p>Autres noms de la pierre : PIERRE D'\u00c9TOILE (les structures ressemblent au plumage d'un \u00e9tourneau), PIERRE DE VERRE, ASTEROLITE<\/p>\n<p><u>Age jusqu'\u00e0 environ 275 millions d'ann\u00e9es - ce sont parmi les plus vieux FOSSILES de tous les temps !<\/u><\/p>\n<p>\u00c0 l'int\u00e9rieur du tronc, on voit tr\u00e8s clairement les LEITBUNDEL, c'est-\u00e0-dire les syst\u00e8mes de tuyaux, avec lesquels les arbres transportaient l'eau des racines vers les branches et les feuilles. L'aspect fait toutefois penser \u00e0 une \"infestation de vers\", d'o\u00f9 le nom de \"pierre \u00e0 ver\".<\/p>\n<p>TOP PLAQUE - POLI sur les deux faces avec une BROCHE parfaitement intacte !<\/p>\n<p>Poids : 600 g Dimensions : 22 x 16 cm \u00c9paisseur : 0,7 cm<\/p>","protected":false},"excerpt":{"rendered":"<p>Les FOURRES fossilis\u00e9es font partie des RARES ! Nom latin : Titea Sindgularis Autres noms : PIERRE D'\u00c9TOILE (les structures ressemblent au plumage d'une \u00e9toile), PIERRE DE VERRE, ASTEROLITH Age jusqu'\u00e0 env. 275 millions d'ann\u00e9es - ce sont parmi les PLUS POSSIBLES CAVES FOSSILES ! A l'int\u00e9rieur du tronc, on voit tr\u00e8s clairement les LEITBUNDEL, c'est-\u00e0-dire les syst\u00e8mes de tubes, avec [...].<\/p>","protected":false},"featured_media":5800,"template":"","meta":{"_acf_changed":false},"region":[],"product_brand":[],"product_cat":[15],"product_tag":[],"class_list":{"0":"post-5799","1":"product","2":"type-product","3":"status-publish","4":"has-post-thumbnail","6":"product_cat-mineralien","8":"first","9":"outofstock","10":"sold-individually","11":"product-type-simple"},"acf":[],"_links":{"self":[{"href":"https:\/\/westgem.shop\/fr\/wp-json\/wp\/v2\/product\/5799","targetHints":{"allow":["GET"]}}],"collection":[{"href":"https:\/\/westgem.shop\/fr\/wp-json\/wp\/v2\/product"}],"about":[{"href":"https:\/\/westgem.shop\/fr\/wp-json\/wp\/v2\/types\/product"}],"wp:featuredmedia":[{"embeddable":true,"href":"https:\/\/westgem.shop\/fr\/wp-json\/wp\/v2\/media\/5800"}],"wp:attachment":[{"href":"https:\/\/westgem.shop\/fr\/wp-json\/wp\/v2\/media?parent=5799"}],"wp:term":[{"taxonomy":"region","embeddable":true,"href":"https:\/\/westgem.shop\/fr\/wp-json\/wp\/v2\/region?post=5799"},{"taxonomy":"product_brand","embeddable":true,"href":"https:\/\/westgem.shop\/fr\/wp-json\/wp\/v2\/product_brand?post=5799"},{"taxonomy":"product_cat","embeddable":true,"href":"https:\/\/westgem.shop\/fr\/wp-json\/wp\/v2\/product_cat?post=5799"},{"taxonomy":"product_tag","embeddable":true,"href":"https:\/\/westgem.shop\/fr\/wp-json\/wp\/v2\/product_tag?post=5799"}],"curies":[{"name":"wp","href":"https:\/\/api.w.org\/{rel}","templated":true}]}}