{"id":5805,"date":"2002-11-24T00:00:00","date_gmt":"2002-11-24T00:00:00","guid":{"rendered":"https:\/\/miners.rocks\/product\/versteinertes-holz-gattung-farn\/"},"modified":"2020-05-19T17:05:15","modified_gmt":"2020-05-19T17:05:15","slug":"bois-petrifie-genre-fougere-3","status":"publish","type":"product","link":"https:\/\/westgem.shop\/fr\/produit\/bois-petrifie-genre-fougere-3\/","title":{"rendered":"BOIS P\u00e9trifi\u00e9 - Genre FARN"},"content":{"rendered":"<p>Grande plaque polie sur les deux faces, avec \u00e9corce conserv\u00e9e sur tout le pourtour. !<\/p>\n<p><u>RARIT\u00c9 : FOURRURE D'ARBRE P\u00e9trifi\u00e9e<\/u><\/p>\n<p>Description d\u00e9taill\u00e9e pour l'art. <u>VH044 - TITEA SINGULARIS - FOUG\u00c8RE<\/u><\/p>\n<p>Poids de la plaque : 940 g  <u>DIm : 36 x 25 cm<\/u>  \u00e9paisseur : 0,5 cm<\/p>","protected":false},"excerpt":{"rendered":"<p>Grande plaque polie sur les deux faces, avec \u00e9corce conserv\u00e9e sur tout le pourtour. ! RARIT\u00c9 : FARINE D'ARBRE p\u00e9trifi\u00e9e Description d\u00e9taill\u00e9e chez l'art. VH044 - TITEA SINGULARIS - FARN Poids de la plaque : 940 g DIm : 36 x 25 cm \u00c9paisseur : 0,5 cm<\/p>","protected":false},"featured_media":5806,"template":"","meta":{"_acf_changed":false},"region":[],"product_brand":[],"product_cat":[15],"product_tag":[],"class_list":{"0":"post-5805","1":"product","2":"type-product","3":"status-publish","4":"has-post-thumbnail","6":"product_cat-mineralien","8":"first","9":"outofstock","10":"sold-individually","11":"product-type-simple"},"acf":[],"_links":{"self":[{"href":"https:\/\/westgem.shop\/fr\/wp-json\/wp\/v2\/product\/5805","targetHints":{"allow":["GET"]}}],"collection":[{"href":"https:\/\/westgem.shop\/fr\/wp-json\/wp\/v2\/product"}],"about":[{"href":"https:\/\/westgem.shop\/fr\/wp-json\/wp\/v2\/types\/product"}],"wp:featuredmedia":[{"embeddable":true,"href":"https:\/\/westgem.shop\/fr\/wp-json\/wp\/v2\/media\/5806"}],"wp:attachment":[{"href":"https:\/\/westgem.shop\/fr\/wp-json\/wp\/v2\/media?parent=5805"}],"wp:term":[{"taxonomy":"region","embeddable":true,"href":"https:\/\/westgem.shop\/fr\/wp-json\/wp\/v2\/region?post=5805"},{"taxonomy":"product_brand","embeddable":true,"href":"https:\/\/westgem.shop\/fr\/wp-json\/wp\/v2\/product_brand?post=5805"},{"taxonomy":"product_cat","embeddable":true,"href":"https:\/\/westgem.shop\/fr\/wp-json\/wp\/v2\/product_cat?post=5805"},{"taxonomy":"product_tag","embeddable":true,"href":"https:\/\/westgem.shop\/fr\/wp-json\/wp\/v2\/product_tag?post=5805"}],"curies":[{"name":"wp","href":"https:\/\/api.w.org\/{rel}","templated":true}]}}