{"id":5811,"date":"2002-11-25T00:00:00","date_gmt":"2002-11-25T00:00:00","guid":{"rendered":"https:\/\/miners.rocks\/product\/original-saurierzahn-2\/"},"modified":"2020-05-19T17:05:16","modified_gmt":"2020-05-19T17:05:16","slug":"original-dent-de-saurien-2","status":"publish","type":"product","link":"https:\/\/westgem.shop\/fr\/produit\/original-dent-de-saurien-2\/","title":{"rendered":"SAURIERZAHN original"},"content":{"rendered":"<p><u>Dent originale d'un MOSA SAURUS<\/u><\/p>\n<p>dans la matrice originale ( PIERRE PHOSPHATE ) avec d'autres restes FOSSIL<\/p>\n<p>\u00c2ge : environ 90 MILLONS d'ann\u00e9es<\/p>\n<p>localisation de la trouvaille : Plateau de phosphate - SAHARA OCCIDENTAL - AFRIQUE DU NORD<\/p>\n<p>Poids : 220 g Dimensions : 9 x 8 x 4 cm La dent est longue de 4 cm<\/p>\n<p>la derni\u00e8re image montre l'arri\u00e8re<\/p>","protected":false},"excerpt":{"rendered":"<p>Dent originale de MOSA SAURUS dans sa matrice originale ( PHOSPHATE ) avec d'autres restes de FOSSILE \u00c2ge : environ 90 MILLONS d'ann\u00e9es Lieu de d\u00e9couverte : Plateau de phosphate - SAHARA OCCIDENTAL - AFRIQUE DU NORD Poids : 220 g Dimensions : 9 x 8 x 4 cm la dent mesure 4 cm de long la derni\u00e8re photo montre le dos<\/p>","protected":false},"featured_media":5812,"template":"","meta":{"_acf_changed":false},"region":[],"product_brand":[],"product_cat":[15],"product_tag":[],"class_list":{"0":"post-5811","1":"product","2":"type-product","3":"status-publish","4":"has-post-thumbnail","6":"product_cat-mineralien","8":"first","9":"outofstock","10":"sold-individually","11":"product-type-simple"},"acf":[],"_links":{"self":[{"href":"https:\/\/westgem.shop\/fr\/wp-json\/wp\/v2\/product\/5811","targetHints":{"allow":["GET"]}}],"collection":[{"href":"https:\/\/westgem.shop\/fr\/wp-json\/wp\/v2\/product"}],"about":[{"href":"https:\/\/westgem.shop\/fr\/wp-json\/wp\/v2\/types\/product"}],"wp:featuredmedia":[{"embeddable":true,"href":"https:\/\/westgem.shop\/fr\/wp-json\/wp\/v2\/media\/5812"}],"wp:attachment":[{"href":"https:\/\/westgem.shop\/fr\/wp-json\/wp\/v2\/media?parent=5811"}],"wp:term":[{"taxonomy":"region","embeddable":true,"href":"https:\/\/westgem.shop\/fr\/wp-json\/wp\/v2\/region?post=5811"},{"taxonomy":"product_brand","embeddable":true,"href":"https:\/\/westgem.shop\/fr\/wp-json\/wp\/v2\/product_brand?post=5811"},{"taxonomy":"product_cat","embeddable":true,"href":"https:\/\/westgem.shop\/fr\/wp-json\/wp\/v2\/product_cat?post=5811"},{"taxonomy":"product_tag","embeddable":true,"href":"https:\/\/westgem.shop\/fr\/wp-json\/wp\/v2\/product_tag?post=5811"}],"curies":[{"name":"wp","href":"https:\/\/api.w.org\/{rel}","templated":true}]}}