{"id":5816,"date":"2002-11-26T00:00:00","date_gmt":"2002-11-26T00:00:00","guid":{"rendered":"https:\/\/miners.rocks\/product\/trilobit-ca450-mio-jahre-alt\/"},"modified":"2020-05-19T17:05:17","modified_gmt":"2020-05-19T17:05:17","slug":"trilobite-denviron-450-millions-dannees","status":"publish","type":"product","link":"https:\/\/westgem.shop\/fr\/produit\/trilobite-denviron-450-millions-dannees\/","title":{"rendered":"TRILOBIT - environ 450 millions d'ann\u00e9es"},"content":{"rendered":"<p>Notre toute derni\u00e8re pi\u00e8ce ! Ce site a \u00e9t\u00e9 enti\u00e8rement nettoy\u00e9 depuis un certain temps !<\/p>\n<p><u>TRILOBIT - Var. FLEXICALIMENE<\/u><\/p>\n<p>TRILOBITE \u00e2g\u00e9 d'environ 450 MILLIONS d'ann\u00e9es, qui a surv\u00e9cu \u00e0 cette \u00e9norme p\u00e9riode dans son tubercule protecteur de calcaire marneux, en tr\u00e8s bon \u00e9tat.<\/p>\n<p>Le lieu de la d\u00e9couverte est Alnif dans les montagnes d'Atlas - Afrique du Nord.<\/p>\n<p>Pi\u00e8ce de premi\u00e8re qualit\u00e9 : tubercule entier en deux moiti\u00e9s, l'une avec le TRILOBIT tr\u00e8s bien conserv\u00e9 et la seconde avec l'empreinte n\u00e9gative.<\/p>\n<p>Poids : 530 g Dim : Tube : 12 x 9 x 7 cm Les deux parties ouvertes : environ 17 cm de long TRILOBIT : mesure 5 cm de long et 4 cm de large.<\/p>\n<p>La derni\u00e8re photo montre le tubercule compl\u00e8tement ferm\u00e9.<\/p>","protected":false},"excerpt":{"rendered":"<p>Notre toute derni\u00e8re pi\u00e8ce ! Ce site a \u00e9t\u00e9 enti\u00e8rement nettoy\u00e9 depuis un certain temps ! TRILOBITE - Var. FLEXICALIMENE TRILOBITE vieux d'environ 450 MILLIONS d'ann\u00e9es, qui a surv\u00e9cu \u00e0 cette p\u00e9riode \u00e9norme dans son tubercule protecteur de calcaire marneux, en tr\u00e8s bon \u00e9tat. Trouv\u00e9 \u00e0 Alnif dans le MONT ATLASGE - AFRIQUE DU NORD Pi\u00e8ce de premi\u00e8re qualit\u00e9 : tubercule entier en deux [...].<\/p>","protected":false},"featured_media":5817,"template":"","meta":{"_acf_changed":false},"region":[],"product_brand":[],"product_cat":[15],"product_tag":[],"class_list":{"0":"post-5816","1":"product","2":"type-product","3":"status-publish","4":"has-post-thumbnail","6":"product_cat-mineralien","8":"first","9":"outofstock","10":"sold-individually","11":"product-type-simple"},"acf":[],"_links":{"self":[{"href":"https:\/\/westgem.shop\/fr\/wp-json\/wp\/v2\/product\/5816","targetHints":{"allow":["GET"]}}],"collection":[{"href":"https:\/\/westgem.shop\/fr\/wp-json\/wp\/v2\/product"}],"about":[{"href":"https:\/\/westgem.shop\/fr\/wp-json\/wp\/v2\/types\/product"}],"wp:featuredmedia":[{"embeddable":true,"href":"https:\/\/westgem.shop\/fr\/wp-json\/wp\/v2\/media\/5817"}],"wp:attachment":[{"href":"https:\/\/westgem.shop\/fr\/wp-json\/wp\/v2\/media?parent=5816"}],"wp:term":[{"taxonomy":"region","embeddable":true,"href":"https:\/\/westgem.shop\/fr\/wp-json\/wp\/v2\/region?post=5816"},{"taxonomy":"product_brand","embeddable":true,"href":"https:\/\/westgem.shop\/fr\/wp-json\/wp\/v2\/product_brand?post=5816"},{"taxonomy":"product_cat","embeddable":true,"href":"https:\/\/westgem.shop\/fr\/wp-json\/wp\/v2\/product_cat?post=5816"},{"taxonomy":"product_tag","embeddable":true,"href":"https:\/\/westgem.shop\/fr\/wp-json\/wp\/v2\/product_tag?post=5816"}],"curies":[{"name":"wp","href":"https:\/\/api.w.org\/{rel}","templated":true}]}}