{"id":5824,"date":"2002-11-27T00:00:00","date_gmt":"2002-11-27T00:00:00","guid":{"rendered":"https:\/\/miners.rocks\/product\/unakit-rohstein\/"},"modified":"2020-05-19T17:05:18","modified_gmt":"2020-05-19T17:05:18","slug":"pierre-brute-unakit","status":"publish","type":"product","link":"https:\/\/westgem.shop\/fr\/produit\/pierre-brute-unakit\/","title":{"rendered":"UNAKIT - Pierre brute"},"content":{"rendered":"<p>UNAKIT est un m\u00e9lange min\u00e9ral de SPATE ROUGE DES CHAMPS et d'EIDOT vert.<\/p>\n<p>En raison de leur couleur frappante, ces pierres sont souvent taill\u00e9es en bijoux.<\/p>\n<p>Le nom UNAKIT vient du premier site de d\u00e9couverte dans les montagnes UNAKA aux \u00c9tats-Unis.<\/p>\n<p>Cette pierre vient du Transvaal en AFRIQUE DU SUD.<\/p>\n<p>poids :<u> 3,35 kilogrammes<\/u>   Dimensions : 17,5 x 14 x 10 cm<\/p>","protected":false},"excerpt":{"rendered":"<p>L'UNAKIT est un m\u00e9lange min\u00e9ral de SPATEX ROUGE et d'EIDOT vert. Gr\u00e2ce \u00e0 leur couleur frappante, ces pierres sont souvent taill\u00e9es en bijoux. Le nom UNAKIT provient du premier site de d\u00e9couverte dans les montagnes UNAKA aux \u00c9tats-Unis. Cette pierre provient du Transvaal au sud de l'AFRIQUE Poids : 3,35 kilogrammes Dimensions : 17,5 x 14 x 10 cm<\/p>","protected":false},"featured_media":5825,"template":"","meta":{"_acf_changed":false},"region":[],"product_brand":[],"product_cat":[15],"product_tag":[],"class_list":{"0":"post-5824","1":"product","2":"type-product","3":"status-publish","4":"has-post-thumbnail","6":"product_cat-mineralien","8":"first","9":"outofstock","10":"sold-individually","11":"product-type-simple"},"acf":[],"_links":{"self":[{"href":"https:\/\/westgem.shop\/fr\/wp-json\/wp\/v2\/product\/5824","targetHints":{"allow":["GET"]}}],"collection":[{"href":"https:\/\/westgem.shop\/fr\/wp-json\/wp\/v2\/product"}],"about":[{"href":"https:\/\/westgem.shop\/fr\/wp-json\/wp\/v2\/types\/product"}],"wp:featuredmedia":[{"embeddable":true,"href":"https:\/\/westgem.shop\/fr\/wp-json\/wp\/v2\/media\/5825"}],"wp:attachment":[{"href":"https:\/\/westgem.shop\/fr\/wp-json\/wp\/v2\/media?parent=5824"}],"wp:term":[{"taxonomy":"region","embeddable":true,"href":"https:\/\/westgem.shop\/fr\/wp-json\/wp\/v2\/region?post=5824"},{"taxonomy":"product_brand","embeddable":true,"href":"https:\/\/westgem.shop\/fr\/wp-json\/wp\/v2\/product_brand?post=5824"},{"taxonomy":"product_cat","embeddable":true,"href":"https:\/\/westgem.shop\/fr\/wp-json\/wp\/v2\/product_cat?post=5824"},{"taxonomy":"product_tag","embeddable":true,"href":"https:\/\/westgem.shop\/fr\/wp-json\/wp\/v2\/product_tag?post=5824"}],"curies":[{"name":"wp","href":"https:\/\/api.w.org\/{rel}","templated":true}]}}