{"id":5829,"date":"2002-11-28T00:00:00","date_gmt":"2002-11-28T00:00:00","guid":{"rendered":"https:\/\/miners.rocks\/product\/raritaet-verst-holz-arizona\/"},"modified":"2020-05-19T17:05:18","modified_gmt":"2020-05-19T17:05:18","slug":"rarete-bois-renforce-arizona","status":"publish","type":"product","link":"https:\/\/westgem.shop\/fr\/produit\/rarete-bois-renforce-arizona\/","title":{"rendered":"RARIT\u00c9 : Certificat d'authenticit\u00e9. BOIS- ARIZONA"},"content":{"rendered":"<p>Du c\u00e9l\u00e8bre parc national PETRIFIED FOREST sur l'Interstate 40 \u00e0 HOLBROOK et NAVAJO en ARIZONA - USA<\/p>\n<p>Cette pi\u00e8ce a \u00e9t\u00e9 r\u00e9cup\u00e9r\u00e9e dans les ann\u00e9es 1950, avant que cette r\u00e9gion ne soit d\u00e9clar\u00e9e parc national. Aujourd'hui, on ne peut plus sortir UNE seule pi\u00e8ce de cette zone !<\/p>\n<p>Couleurs typiques ROUGE\/JAUNE - MARCHANDISES FRAISES !<\/p>\n<p>\u00c2ge Environ 220 MILLIONS d'ann\u00e9es.<\/p>\n<p>poids :<u> 2,9 KILOGRAMMES Dimensions : 13 x 12 x 11 cm<\/u><\/p>","protected":false},"excerpt":{"rendered":"<p>Du c\u00e9l\u00e8bre parc national PETRIFIED FOREST sur l'Interstate 40 pr\u00e8s de HOLBROOK et NAVAJO \u00e0 ARIZONA - USA Cette pi\u00e8ce a d\u00e9j\u00e0 \u00e9t\u00e9 r\u00e9cup\u00e9r\u00e9e dans les ann\u00e9es 1950, avant que cette r\u00e9gion ne soit d\u00e9clar\u00e9e parc national. Aujourd'hui, on ne peut plus sortir une seule pi\u00e8ce de cette r\u00e9gion ! Couleurs typiques ROUGE\/JAUNE - MARCHANDISE POLIE ! \u00c2ge : environ 220 MILLIONS d'ann\u00e9es. Poids : [...]<\/p>","protected":false},"featured_media":5830,"template":"","meta":{"_acf_changed":false},"region":[],"product_brand":[],"product_cat":[15],"product_tag":[],"class_list":{"0":"post-5829","1":"product","2":"type-product","3":"status-publish","4":"has-post-thumbnail","6":"product_cat-mineralien","8":"first","9":"outofstock","10":"sold-individually","11":"product-type-simple"},"acf":[],"_links":{"self":[{"href":"https:\/\/westgem.shop\/fr\/wp-json\/wp\/v2\/product\/5829","targetHints":{"allow":["GET"]}}],"collection":[{"href":"https:\/\/westgem.shop\/fr\/wp-json\/wp\/v2\/product"}],"about":[{"href":"https:\/\/westgem.shop\/fr\/wp-json\/wp\/v2\/types\/product"}],"wp:featuredmedia":[{"embeddable":true,"href":"https:\/\/westgem.shop\/fr\/wp-json\/wp\/v2\/media\/5830"}],"wp:attachment":[{"href":"https:\/\/westgem.shop\/fr\/wp-json\/wp\/v2\/media?parent=5829"}],"wp:term":[{"taxonomy":"region","embeddable":true,"href":"https:\/\/westgem.shop\/fr\/wp-json\/wp\/v2\/region?post=5829"},{"taxonomy":"product_brand","embeddable":true,"href":"https:\/\/westgem.shop\/fr\/wp-json\/wp\/v2\/product_brand?post=5829"},{"taxonomy":"product_cat","embeddable":true,"href":"https:\/\/westgem.shop\/fr\/wp-json\/wp\/v2\/product_cat?post=5829"},{"taxonomy":"product_tag","embeddable":true,"href":"https:\/\/westgem.shop\/fr\/wp-json\/wp\/v2\/product_tag?post=5829"}],"curies":[{"name":"wp","href":"https:\/\/api.w.org\/{rel}","templated":true}]}}