{"id":583,"date":"2000-03-13T00:00:00","date_gmt":"2000-03-13T00:00:00","guid":{"rendered":"https:\/\/miners.rocks\/product\/123\/"},"modified":"2020-05-19T16:55:45","modified_gmt":"2020-05-19T16:55:45","slug":"pamplemousse-rose-grenat-xx","status":"publish","type":"product","link":"https:\/\/westgem.shop\/fr\/produit\/pamplemousse-rose-grenat-xx\/","title":{"rendered":"Pamplemousse rose GRANAT xx"},"content":{"rendered":"<p>Ce nom commercial fait r\u00e9f\u00e9rence \u00e0 la couleur sp\u00e9ciale de cette vari\u00e9t\u00e9 de grenat. GRANAT Var. GROSSULAR<\/p>\n<p>Le site a \u00e9t\u00e9 d\u00e9couvert par hasard en 1974 par un rancher mexicain. Le site se trouve \u00e0 <u>Sierra de Cruces .  Mexique<\/u><\/p>\n<p>Poids : 191 g Dim.:7 x 6 x 5 cm<\/p>","protected":false},"excerpt":{"rendered":"<p>Ce nom commercial fait r\u00e9f\u00e9rence \u00e0 la couleur sp\u00e9ciale de cette vari\u00e9t\u00e9 de grenat. GRANAT Var. GROSSULAR Le site a \u00e9t\u00e9 d\u00e9couvert par hasard en 1974 par un propri\u00e9taire de ranch mexicain. Il a \u00e9t\u00e9 trouv\u00e9 dans la Sierra de Cruces. Mexique Poids : 191 g Dim. : 7 x 6 x 5 cm<\/p>","protected":false},"featured_media":584,"template":"","meta":{"_acf_changed":false},"region":[],"product_brand":[],"product_cat":[15],"product_tag":[],"class_list":{"0":"post-583","1":"product","2":"type-product","3":"status-publish","4":"has-post-thumbnail","6":"product_cat-mineralien","8":"first","9":"outofstock","10":"sold-individually","11":"product-type-simple"},"acf":[],"_links":{"self":[{"href":"https:\/\/westgem.shop\/fr\/wp-json\/wp\/v2\/product\/583","targetHints":{"allow":["GET"]}}],"collection":[{"href":"https:\/\/westgem.shop\/fr\/wp-json\/wp\/v2\/product"}],"about":[{"href":"https:\/\/westgem.shop\/fr\/wp-json\/wp\/v2\/types\/product"}],"wp:featuredmedia":[{"embeddable":true,"href":"https:\/\/westgem.shop\/fr\/wp-json\/wp\/v2\/media\/584"}],"wp:attachment":[{"href":"https:\/\/westgem.shop\/fr\/wp-json\/wp\/v2\/media?parent=583"}],"wp:term":[{"taxonomy":"region","embeddable":true,"href":"https:\/\/westgem.shop\/fr\/wp-json\/wp\/v2\/region?post=583"},{"taxonomy":"product_brand","embeddable":true,"href":"https:\/\/westgem.shop\/fr\/wp-json\/wp\/v2\/product_brand?post=583"},{"taxonomy":"product_cat","embeddable":true,"href":"https:\/\/westgem.shop\/fr\/wp-json\/wp\/v2\/product_cat?post=583"},{"taxonomy":"product_tag","embeddable":true,"href":"https:\/\/westgem.shop\/fr\/wp-json\/wp\/v2\/product_tag?post=583"}],"curies":[{"name":"wp","href":"https:\/\/api.w.org\/{rel}","templated":true}]}}