{"id":5836,"date":"2002-11-29T00:00:00","date_gmt":"2002-11-29T00:00:00","guid":{"rendered":"https:\/\/miners.rocks\/product\/echte-jade-canada\/"},"modified":"2020-05-19T17:05:19","modified_gmt":"2020-05-19T17:05:19","slug":"veritable-jade-canada","status":"publish","type":"product","link":"https:\/\/westgem.shop\/fr\/produit\/veritable-jade-canada\/","title":{"rendered":"V\u00e9ritable JADE -CANADA"},"content":{"rendered":"<p>Pierre brute avec une surface de coupe sci\u00e9e - Non polie.<\/p>\n<p>VRAI JADE Var. NEPHRIT - fait partie des 3 VRAIES MINERALES DE JADE = <\/p>\n<p>JADEIT, NEPHRIT et MAW SIT SIT.<\/p>\n<p>Feutre tr\u00e8s dense, dur - la surface sci\u00e9e a d\u00e9j\u00e0 l'air polie...<\/p>\n<p>Bords translucides. Super PONCTURE.<\/p>\n<p>localisation de cette JADE : CASSIER MINE in BRITISH COLUMBIA - CANADA<\/p>\n<p>poids :<u> 1,2 KILOGRAMME Dimensions : 16 x 12 x 7 cm<\/u><\/p>","protected":false},"excerpt":{"rendered":"<p>Pierre brute avec une face sci\u00e9e - Non polie. VRAI JADE Var. NEPHRIT - Appartient aux 3 MIN\u00c9RAUX DE JADE = JADEIT, NEPHRIT et MAW SIT SIT. Tr\u00e8s dense, dur - d\u00e9j\u00e0 la surface sci\u00e9e a l'air polie. bords translucides. Super PONCTURE. Lieu de d\u00e9couverte de ce JADE : CASSIER MINE in BRITISH COLUMBIA - CANADA Poids : [...].<\/p>","protected":false},"featured_media":5837,"template":"","meta":{"_acf_changed":false},"region":[],"product_brand":[],"product_cat":[15],"product_tag":[],"class_list":{"0":"post-5836","1":"product","2":"type-product","3":"status-publish","4":"has-post-thumbnail","6":"product_cat-mineralien","8":"first","9":"outofstock","10":"sold-individually","11":"product-type-simple"},"acf":[],"_links":{"self":[{"href":"https:\/\/westgem.shop\/fr\/wp-json\/wp\/v2\/product\/5836","targetHints":{"allow":["GET"]}}],"collection":[{"href":"https:\/\/westgem.shop\/fr\/wp-json\/wp\/v2\/product"}],"about":[{"href":"https:\/\/westgem.shop\/fr\/wp-json\/wp\/v2\/types\/product"}],"wp:featuredmedia":[{"embeddable":true,"href":"https:\/\/westgem.shop\/fr\/wp-json\/wp\/v2\/media\/5837"}],"wp:attachment":[{"href":"https:\/\/westgem.shop\/fr\/wp-json\/wp\/v2\/media?parent=5836"}],"wp:term":[{"taxonomy":"region","embeddable":true,"href":"https:\/\/westgem.shop\/fr\/wp-json\/wp\/v2\/region?post=5836"},{"taxonomy":"product_brand","embeddable":true,"href":"https:\/\/westgem.shop\/fr\/wp-json\/wp\/v2\/product_brand?post=5836"},{"taxonomy":"product_cat","embeddable":true,"href":"https:\/\/westgem.shop\/fr\/wp-json\/wp\/v2\/product_cat?post=5836"},{"taxonomy":"product_tag","embeddable":true,"href":"https:\/\/westgem.shop\/fr\/wp-json\/wp\/v2\/product_tag?post=5836"}],"curies":[{"name":"wp","href":"https:\/\/api.w.org\/{rel}","templated":true}]}}