{"id":5843,"date":"2002-11-30T00:00:00","date_gmt":"2002-11-30T00:00:00","guid":{"rendered":"https:\/\/miners.rocks\/product\/sugilith-roh-2\/"},"modified":"2020-05-19T17:05:20","modified_gmt":"2020-05-19T17:05:20","slug":"sugilite-brute-2","status":"publish","type":"product","link":"https:\/\/westgem.shop\/fr\/produit\/sugilite-brute-2\/","title":{"rendered":"SUGILITH - ROH"},"content":{"rendered":"<p>Pierre brute - qualit\u00e9 SUGILITH A\/B<\/p>\n<p>SUGILITH \u00e0 MANGAN ERZ<\/p>\n<p>Typique de la seule mine qui fournit toujours du SUGILITH.<\/p>\n<p>Les pierres proviennent de la mine WESSELS \u00e0 KURUMAN Manganfield - AFRIQUE DU SUD. <\/p>\n<p>Poids : 42 g Dimensions : 4 x 3 x 2,5 cm<\/p>\n<p>La bonne mati\u00e8re premi\u00e8re SUGILITH co\u00fbte actuellement directement \u00e0 la mine - entre 5 et 7.000 dollars le kilogramme !<\/p>\n<p>Des photos montrent la pierre sous tous les angles.<\/p>\n<p>SUGILITHE dans la cat\u00e9gorie : Min\u00e9raux d'AFRIQUE !<\/p>","protected":false},"excerpt":{"rendered":"<p>Pierre brute - SUGILITH A\/B Qualit\u00e9 SUGILITH en MANGAN ERZ Typique de la seule mine actuelle qui fournit toujours du SUGILITH. Les pierres proviennent de la mine WESSELS \u00e0 KURUMAN Manganfield - Afrique du Sud. Poids : 42 g Dimensions : 4 x 3 x 2,5 cm Une bonne mati\u00e8re premi\u00e8re SUGILITH co\u00fbte actuellement directement \u00e0 la mine - entre 5 et [...].<\/p>","protected":false},"featured_media":5844,"template":"","meta":{"_acf_changed":false},"region":[],"product_brand":[],"product_cat":[15],"product_tag":[],"class_list":{"0":"post-5843","1":"product","2":"type-product","3":"status-publish","4":"has-post-thumbnail","6":"product_cat-mineralien","8":"first","9":"outofstock","10":"sold-individually","11":"product-type-simple"},"acf":[],"_links":{"self":[{"href":"https:\/\/westgem.shop\/fr\/wp-json\/wp\/v2\/product\/5843","targetHints":{"allow":["GET"]}}],"collection":[{"href":"https:\/\/westgem.shop\/fr\/wp-json\/wp\/v2\/product"}],"about":[{"href":"https:\/\/westgem.shop\/fr\/wp-json\/wp\/v2\/types\/product"}],"wp:featuredmedia":[{"embeddable":true,"href":"https:\/\/westgem.shop\/fr\/wp-json\/wp\/v2\/media\/5844"}],"wp:attachment":[{"href":"https:\/\/westgem.shop\/fr\/wp-json\/wp\/v2\/media?parent=5843"}],"wp:term":[{"taxonomy":"region","embeddable":true,"href":"https:\/\/westgem.shop\/fr\/wp-json\/wp\/v2\/region?post=5843"},{"taxonomy":"product_brand","embeddable":true,"href":"https:\/\/westgem.shop\/fr\/wp-json\/wp\/v2\/product_brand?post=5843"},{"taxonomy":"product_cat","embeddable":true,"href":"https:\/\/westgem.shop\/fr\/wp-json\/wp\/v2\/product_cat?post=5843"},{"taxonomy":"product_tag","embeddable":true,"href":"https:\/\/westgem.shop\/fr\/wp-json\/wp\/v2\/product_tag?post=5843"}],"curies":[{"name":"wp","href":"https:\/\/api.w.org\/{rel}","templated":true}]}}