{"id":5853,"date":"2002-12-02T00:00:00","date_gmt":"2002-12-02T00:00:00","guid":{"rendered":"https:\/\/miners.rocks\/product\/5-stk-sugilith-rohsteine\/"},"modified":"2020-05-19T17:05:21","modified_gmt":"2020-05-19T17:05:21","slug":"5-pcs-pierres-brutes-de-sugilite","status":"publish","type":"product","link":"https:\/\/westgem.shop\/fr\/produit\/5-pcs-pierres-brutes-de-sugilite\/","title":{"rendered":"5 pcs. SUGILITH - pierres brutes"},"content":{"rendered":"<p>5 pi\u00e8ces de SUGILITHE brute en MANGANERZ. - B QUALIT\u00c9. !<\/p>\n<p>De la mine WESSELS dans le sud de l'AFRIQUE<\/p>\n<p>Poids des 5 pi\u00e8ces = 162 g <\/p>\n<p>la plus grande pi\u00e8ce a les dimensions suivantes : 5 x 4 x 1 cm<\/p>\n<p><u>PRIX SPECIAL s'applique \u00e0 TOUTES les 5 pi\u00e8ces ENSEMBLE !<\/u><\/p>","protected":false},"excerpt":{"rendered":"<p>5 pi\u00e8ces de SUGILITHE brute en MANGANERZ. - B QUALIT\u00c9. ! De la mine WESSELS en AFRIQUE DU SUD Poids des 5 pi\u00e8ces = 162 g la plus grande pi\u00e8ce a les dimensions : 5 x 4 x 1 cm PRIX SPECIAL s'applique aux 5 pi\u00e8ces ENSEMBLE !<\/p>","protected":false},"featured_media":5854,"template":"","meta":{"_acf_changed":false},"region":[],"product_brand":[],"product_cat":[15],"product_tag":[],"class_list":{"0":"post-5853","1":"product","2":"type-product","3":"status-publish","4":"has-post-thumbnail","6":"product_cat-mineralien","8":"first","9":"outofstock","10":"sold-individually","11":"product-type-simple"},"acf":[],"_links":{"self":[{"href":"https:\/\/westgem.shop\/fr\/wp-json\/wp\/v2\/product\/5853","targetHints":{"allow":["GET"]}}],"collection":[{"href":"https:\/\/westgem.shop\/fr\/wp-json\/wp\/v2\/product"}],"about":[{"href":"https:\/\/westgem.shop\/fr\/wp-json\/wp\/v2\/types\/product"}],"wp:featuredmedia":[{"embeddable":true,"href":"https:\/\/westgem.shop\/fr\/wp-json\/wp\/v2\/media\/5854"}],"wp:attachment":[{"href":"https:\/\/westgem.shop\/fr\/wp-json\/wp\/v2\/media?parent=5853"}],"wp:term":[{"taxonomy":"region","embeddable":true,"href":"https:\/\/westgem.shop\/fr\/wp-json\/wp\/v2\/region?post=5853"},{"taxonomy":"product_brand","embeddable":true,"href":"https:\/\/westgem.shop\/fr\/wp-json\/wp\/v2\/product_brand?post=5853"},{"taxonomy":"product_cat","embeddable":true,"href":"https:\/\/westgem.shop\/fr\/wp-json\/wp\/v2\/product_cat?post=5853"},{"taxonomy":"product_tag","embeddable":true,"href":"https:\/\/westgem.shop\/fr\/wp-json\/wp\/v2\/product_tag?post=5853"}],"curies":[{"name":"wp","href":"https:\/\/api.w.org\/{rel}","templated":true}]}}