{"id":5857,"date":"2002-12-03T00:00:00","date_gmt":"2002-12-03T00:00:00","guid":{"rendered":"https:\/\/miners.rocks\/product\/amethyst-sambia\/"},"modified":"2020-05-19T17:05:21","modified_gmt":"2020-05-19T17:05:21","slug":"amethyste-zambie","status":"publish","type":"product","link":"https:\/\/westgem.shop\/fr\/produit\/amethyste-zambie\/","title":{"rendered":"AM\u00c9THYSTE - ZAMBIE"},"content":{"rendered":"<p>Reste d'un lot que nous avons import\u00e9 il y a de nombreuses ann\u00e9es de la c\u00e9l\u00e8bre mine de KALOMO en SAMBIE\/AFRIQUE.<\/p>\n<p>Cette mine est connue pour produire les meilleurs AMETHYSTE du monde, qui sont taill\u00e9s en facettes pour les bijoutiers de haut niveau. Les grands cristaux d'AMETHYSTE, d'une profondeur de couleur incroyable, atteignent des prix incroyables pour les AMETHYSTE.<\/p>\n<p> Brut - stade cristallin, avec des cristaux tr\u00e8s color\u00e9s, mais plus petits<\/p>\n<p>La derni\u00e8re image montre l'arri\u00e8re.<\/p>\n<p>Poids : 1,32 kilogramme Dimensions : 13 x 10 x 8 cm<\/p>","protected":false},"excerpt":{"rendered":"<p>Reste d'un lot que nous avons import\u00e9 il y a de nombreuses ann\u00e9es de la c\u00e9l\u00e8bre mine de KALOMO en SAMBIE\/AFRIQUE. Cette mine est r\u00e9put\u00e9e pour produire les meilleurs AMETHYSTES du monde, qui sont ensuite taill\u00e9s en facettes pour les bijoutiers de haut niveau. Les grands cristaux d'AMETHYSTE, d'une profondeur de couleur incroyable, atteignent des prix incroyables pour les AMETHYSTES. Le niveau de cristal brut, avec des couleurs tr\u00e8s intenses mais [...]<\/p>","protected":false},"featured_media":5858,"template":"","meta":{"_acf_changed":false},"region":[],"product_brand":[],"product_cat":[15],"product_tag":[],"class_list":{"0":"post-5857","1":"product","2":"type-product","3":"status-publish","4":"has-post-thumbnail","6":"product_cat-mineralien","8":"first","9":"outofstock","10":"sold-individually","11":"product-type-simple"},"acf":[],"_links":{"self":[{"href":"https:\/\/westgem.shop\/fr\/wp-json\/wp\/v2\/product\/5857","targetHints":{"allow":["GET"]}}],"collection":[{"href":"https:\/\/westgem.shop\/fr\/wp-json\/wp\/v2\/product"}],"about":[{"href":"https:\/\/westgem.shop\/fr\/wp-json\/wp\/v2\/types\/product"}],"wp:featuredmedia":[{"embeddable":true,"href":"https:\/\/westgem.shop\/fr\/wp-json\/wp\/v2\/media\/5858"}],"wp:attachment":[{"href":"https:\/\/westgem.shop\/fr\/wp-json\/wp\/v2\/media?parent=5857"}],"wp:term":[{"taxonomy":"region","embeddable":true,"href":"https:\/\/westgem.shop\/fr\/wp-json\/wp\/v2\/region?post=5857"},{"taxonomy":"product_brand","embeddable":true,"href":"https:\/\/westgem.shop\/fr\/wp-json\/wp\/v2\/product_brand?post=5857"},{"taxonomy":"product_cat","embeddable":true,"href":"https:\/\/westgem.shop\/fr\/wp-json\/wp\/v2\/product_cat?post=5857"},{"taxonomy":"product_tag","embeddable":true,"href":"https:\/\/westgem.shop\/fr\/wp-json\/wp\/v2\/product_tag?post=5857"}],"curies":[{"name":"wp","href":"https:\/\/api.w.org\/{rel}","templated":true}]}}