{"id":586,"date":"2000-03-14T00:00:00","date_gmt":"2000-03-14T00:00:00","guid":{"rendered":"https:\/\/miners.rocks\/product\/124\/"},"modified":"2020-05-19T16:55:45","modified_gmt":"2020-05-19T16:55:45","slug":"grossulaire-rouge-xx-grenat","status":"publish","type":"product","link":"https:\/\/westgem.shop\/fr\/produit\/grossulaire-rouge-xx-grenat\/","title":{"rendered":"GROSSULAR rouge xx - GRANAT"},"content":{"rendered":"<p>\"Grapefruit Pink\" GRANATxx de Coahuila , au Mexique .<\/p>\n<p>GRANAT Vari\u00e9t\u00e9 GROSSULAR \u00e0 la couleur originale<\/p>\n<p>Poids : 261 g Dimensions : 10 x 9 x 6 cm<\/p>","protected":false},"excerpt":{"rendered":"<p>\"Grapefruit Pink\" GRANATxx de Coahuila, au Mexique. GRANAT vari\u00e9t\u00e9 GROSSULAR avec une couleur originale Poids : 261 g Dimensions : 10 x 9 x 6 cm<\/p>","protected":false},"featured_media":587,"template":"","meta":{"_acf_changed":false},"region":[],"product_brand":[],"product_cat":[15],"product_tag":[],"class_list":{"0":"post-586","1":"product","2":"type-product","3":"status-publish","4":"has-post-thumbnail","6":"product_cat-mineralien","8":"first","9":"outofstock","10":"sold-individually","11":"product-type-simple"},"acf":[],"_links":{"self":[{"href":"https:\/\/westgem.shop\/fr\/wp-json\/wp\/v2\/product\/586","targetHints":{"allow":["GET"]}}],"collection":[{"href":"https:\/\/westgem.shop\/fr\/wp-json\/wp\/v2\/product"}],"about":[{"href":"https:\/\/westgem.shop\/fr\/wp-json\/wp\/v2\/types\/product"}],"wp:featuredmedia":[{"embeddable":true,"href":"https:\/\/westgem.shop\/fr\/wp-json\/wp\/v2\/media\/587"}],"wp:attachment":[{"href":"https:\/\/westgem.shop\/fr\/wp-json\/wp\/v2\/media?parent=586"}],"wp:term":[{"taxonomy":"region","embeddable":true,"href":"https:\/\/westgem.shop\/fr\/wp-json\/wp\/v2\/region?post=586"},{"taxonomy":"product_brand","embeddable":true,"href":"https:\/\/westgem.shop\/fr\/wp-json\/wp\/v2\/product_brand?post=586"},{"taxonomy":"product_cat","embeddable":true,"href":"https:\/\/westgem.shop\/fr\/wp-json\/wp\/v2\/product_cat?post=586"},{"taxonomy":"product_tag","embeddable":true,"href":"https:\/\/westgem.shop\/fr\/wp-json\/wp\/v2\/product_tag?post=586"}],"curies":[{"name":"wp","href":"https:\/\/api.w.org\/{rel}","templated":true}]}}