{"id":5862,"date":"2002-12-04T00:00:00","date_gmt":"2002-12-04T00:00:00","guid":{"rendered":"https:\/\/miners.rocks\/product\/tigereisen-roh-3\/"},"modified":"2020-05-19T17:05:22","modified_gmt":"2020-05-19T17:05:22","slug":"fer-de-tigre-brut-3","status":"publish","type":"product","link":"https:\/\/westgem.shop\/fr\/produit\/fer-de-tigre-brut-3\/","title":{"rendered":"Fer du tigre - ROH"},"content":{"rendered":"<p>Fer de tigre - ROHSTEIN<\/p>\n<p>Le fer tigr\u00e9 est un m\u00e9lange min\u00e9ral de jaspe brun, de veines d'\u0153il de tigre et de veines m\u00e9talliques noires et brillantes de magn\u00e9tite.<\/p>\n<p>Les veines de magn\u00e9tite\/h\u00e9matite, en particulier, proviennent d'un magma sous-marin qui s'est \u00e9chapp\u00e9 il y a plus de 2 MILLIARDS d'ann\u00e9es. Les autres composants ne se sont form\u00e9s que plus d'un MILLIARDE d'ann\u00e9es plus tard.<\/p>\n<p>Belle pi\u00e8ce de la mine de BANDET IRON dans le sud de l'AFRIQUE<\/p>\n<p>Poids : 0,68 kilogramme Dimensions : 12 x 12 x 5 cm<\/p>","protected":false},"excerpt":{"rendered":"<p>Le fer du tigre est un m\u00e9lange min\u00e9ral de jaspe brun, de veines d'\u0153il de tigre et de veines m\u00e9talliques noires et brillantes de magn\u00e9tite. Les veines de magn\u00e9tite\/h\u00e9matite en particulier proviennent d'un magma sous-marin qui s'est \u00e9chapp\u00e9 il y a plus de 2 MILLIARDS d'ann\u00e9es. Les autres composants ne se sont form\u00e9s que plus d'un MILLIARDE d'ann\u00e9es plus tard. Belle pi\u00e8ce de la BANDET [...].<\/p>","protected":false},"featured_media":5863,"template":"","meta":{"_acf_changed":false},"region":[],"product_brand":[],"product_cat":[15],"product_tag":[],"class_list":{"0":"post-5862","1":"product","2":"type-product","3":"status-publish","4":"has-post-thumbnail","6":"product_cat-mineralien","8":"first","9":"outofstock","10":"sold-individually","11":"product-type-simple"},"acf":[],"_links":{"self":[{"href":"https:\/\/westgem.shop\/fr\/wp-json\/wp\/v2\/product\/5862","targetHints":{"allow":["GET"]}}],"collection":[{"href":"https:\/\/westgem.shop\/fr\/wp-json\/wp\/v2\/product"}],"about":[{"href":"https:\/\/westgem.shop\/fr\/wp-json\/wp\/v2\/types\/product"}],"wp:featuredmedia":[{"embeddable":true,"href":"https:\/\/westgem.shop\/fr\/wp-json\/wp\/v2\/media\/5863"}],"wp:attachment":[{"href":"https:\/\/westgem.shop\/fr\/wp-json\/wp\/v2\/media?parent=5862"}],"wp:term":[{"taxonomy":"region","embeddable":true,"href":"https:\/\/westgem.shop\/fr\/wp-json\/wp\/v2\/region?post=5862"},{"taxonomy":"product_brand","embeddable":true,"href":"https:\/\/westgem.shop\/fr\/wp-json\/wp\/v2\/product_brand?post=5862"},{"taxonomy":"product_cat","embeddable":true,"href":"https:\/\/westgem.shop\/fr\/wp-json\/wp\/v2\/product_cat?post=5862"},{"taxonomy":"product_tag","embeddable":true,"href":"https:\/\/westgem.shop\/fr\/wp-json\/wp\/v2\/product_tag?post=5862"}],"curies":[{"name":"wp","href":"https:\/\/api.w.org\/{rel}","templated":true}]}}