{"id":5867,"date":"2002-12-05T00:00:00","date_gmt":"2002-12-05T00:00:00","guid":{"rendered":"https:\/\/miners.rocks\/product\/radentheinit-3\/"},"modified":"2020-05-19T17:05:22","modified_gmt":"2020-05-19T17:05:22","slug":"radentheinite-3","status":"publish","type":"product","link":"https:\/\/westgem.shop\/fr\/produit\/radentheinite-3\/","title":{"rendered":"RADENTHEINIT"},"content":{"rendered":"<p>RADENTHEINIT, nom d'apr\u00e8s le lieu de d\u00e9couverte - RADENTHEIN en Carinthie<\/p>\n<p>La RADENTHEINITE est un m\u00e9lange min\u00e9ral de mica BIOTIT brun-noir, de GRANATS ALMANDIN rouge-brun et de DISTHENES bleu-blanc.<\/p>\n<p>Les bonnes pi\u00e8ces provenaient de l'exploitation mini\u00e8re souterraine de Lauffenberg pr\u00e8s de RADENTHEIN, et des objets d'art \u00e9taient \u00e9galement fabriqu\u00e9s \u00e0 partir de ces pi\u00e8ces.<\/p>\n<p>L'exploitation mini\u00e8re est ferm\u00e9e LONGtemps - Nouvelles pi\u00e8ces = 0<\/p>\n<p>Poids : 390 g Dimensions : 10 x 8 x 4 cm<\/p>","protected":false},"excerpt":{"rendered":"<p>RADENTHEINIT, nom d'apr\u00e8s le lieu de d\u00e9couverte - RADENTHEIN en Carinthie La RADENTHEINIT est un m\u00e9lange de min\u00e9raux compos\u00e9 de mica brun noir BIOTIT, de GRANATES ALMANDIN brun rouge et de DISTHENES bleu blanch\u00e2tre. Les bonnes pi\u00e8ces provenaient de l'exploitation mini\u00e8re souterraine de Lauffenberg pr\u00e8s de RADENTHEIN, des objets d'art \u00e9taient \u00e9galement fabriqu\u00e9s \u00e0 partir de ces pi\u00e8ces. L'exploitation mini\u00e8re est LANGE ferm\u00e9e - Nouvelles pi\u00e8ces = 0 Poids : 390 g [...].<\/p>","protected":false},"featured_media":5868,"template":"","meta":{"_acf_changed":false},"region":[],"product_brand":[],"product_cat":[15],"product_tag":[],"class_list":{"0":"post-5867","1":"product","2":"type-product","3":"status-publish","4":"has-post-thumbnail","6":"product_cat-mineralien","8":"first","9":"outofstock","10":"sold-individually","11":"product-type-simple"},"acf":[],"_links":{"self":[{"href":"https:\/\/westgem.shop\/fr\/wp-json\/wp\/v2\/product\/5867","targetHints":{"allow":["GET"]}}],"collection":[{"href":"https:\/\/westgem.shop\/fr\/wp-json\/wp\/v2\/product"}],"about":[{"href":"https:\/\/westgem.shop\/fr\/wp-json\/wp\/v2\/types\/product"}],"wp:featuredmedia":[{"embeddable":true,"href":"https:\/\/westgem.shop\/fr\/wp-json\/wp\/v2\/media\/5868"}],"wp:attachment":[{"href":"https:\/\/westgem.shop\/fr\/wp-json\/wp\/v2\/media?parent=5867"}],"wp:term":[{"taxonomy":"region","embeddable":true,"href":"https:\/\/westgem.shop\/fr\/wp-json\/wp\/v2\/region?post=5867"},{"taxonomy":"product_brand","embeddable":true,"href":"https:\/\/westgem.shop\/fr\/wp-json\/wp\/v2\/product_brand?post=5867"},{"taxonomy":"product_cat","embeddable":true,"href":"https:\/\/westgem.shop\/fr\/wp-json\/wp\/v2\/product_cat?post=5867"},{"taxonomy":"product_tag","embeddable":true,"href":"https:\/\/westgem.shop\/fr\/wp-json\/wp\/v2\/product_tag?post=5867"}],"curies":[{"name":"wp","href":"https:\/\/api.w.org\/{rel}","templated":true}]}}