{"id":5871,"date":"2002-12-06T00:00:00","date_gmt":"2002-12-06T00:00:00","guid":{"rendered":"https:\/\/miners.rocks\/product\/bornit-kupfererz-3\/"},"modified":"2020-05-19T17:05:23","modified_gmt":"2020-05-19T17:05:23","slug":"borite-minerai-de-cuivre-3","status":"publish","type":"product","link":"https:\/\/westgem.shop\/fr\/produit\/borite-minerai-de-cuivre-3\/","title":{"rendered":"BORITE - MINERAI DE CUIVRE"},"content":{"rendered":"<p>BORITE = MINERAI DE CUIVRE<\/p>\n<p>Couleurs m\u00e9talliques multicolores allant du rouge-violet au bleu - entrecoup\u00e9es \u00e9galement de CHALCOPYRIT de couleur dor\u00e9e.<\/p>\n<p>Ces pierres sont<u> PAS<\/u>Le produit n'a pas \u00e9t\u00e9 trait\u00e9 \u00e0 l'acide comme on le trouve habituellement dans le commerce !<\/p>\n<p>De la mine de San Miguel au Mexique.<\/p>\n<p>Poids : 0,72 kilogrammesm Dimensions : 10,5 x 9 x 6 cm<\/p>","protected":false},"excerpt":{"rendered":"<p>BORNIT = MINERAIRE DE CUIVRE Couleurs m\u00e9talliques multicolores allant du rouge-violet au bleu - entrecoup\u00e9es \u00e9galement de CHALCOPYRITES de couleur dor\u00e9e. Ces pierres ne sont PAS trait\u00e9es \u00e0 l'acide comme on les trouve habituellement dans le commerce ! De la mine de San Miguel au Mexique. Poids : 0,72 kilogrammem Dimensions : 10,5 x 9 x 6 cm<\/p>","protected":false},"featured_media":5872,"template":"","meta":{"_acf_changed":false},"region":[],"product_brand":[],"product_cat":[15],"product_tag":[],"class_list":{"0":"post-5871","1":"product","2":"type-product","3":"status-publish","4":"has-post-thumbnail","6":"product_cat-mineralien","8":"first","9":"outofstock","10":"sold-individually","11":"product-type-simple"},"acf":[],"_links":{"self":[{"href":"https:\/\/westgem.shop\/fr\/wp-json\/wp\/v2\/product\/5871","targetHints":{"allow":["GET"]}}],"collection":[{"href":"https:\/\/westgem.shop\/fr\/wp-json\/wp\/v2\/product"}],"about":[{"href":"https:\/\/westgem.shop\/fr\/wp-json\/wp\/v2\/types\/product"}],"wp:featuredmedia":[{"embeddable":true,"href":"https:\/\/westgem.shop\/fr\/wp-json\/wp\/v2\/media\/5872"}],"wp:attachment":[{"href":"https:\/\/westgem.shop\/fr\/wp-json\/wp\/v2\/media?parent=5871"}],"wp:term":[{"taxonomy":"region","embeddable":true,"href":"https:\/\/westgem.shop\/fr\/wp-json\/wp\/v2\/region?post=5871"},{"taxonomy":"product_brand","embeddable":true,"href":"https:\/\/westgem.shop\/fr\/wp-json\/wp\/v2\/product_brand?post=5871"},{"taxonomy":"product_cat","embeddable":true,"href":"https:\/\/westgem.shop\/fr\/wp-json\/wp\/v2\/product_cat?post=5871"},{"taxonomy":"product_tag","embeddable":true,"href":"https:\/\/westgem.shop\/fr\/wp-json\/wp\/v2\/product_tag?post=5871"}],"curies":[{"name":"wp","href":"https:\/\/api.w.org\/{rel}","templated":true}]}}