{"id":5877,"date":"2002-12-07T00:00:00","date_gmt":"2002-12-07T00:00:00","guid":{"rendered":"https:\/\/miners.rocks\/product\/blauer-chalcedon-huettenberg-2\/"},"modified":"2020-05-19T17:05:24","modified_gmt":"2020-05-19T17:05:24","slug":"calcedoine-bleue-huettenberg-2","status":"publish","type":"product","link":"https:\/\/westgem.shop\/fr\/produit\/calcedoine-bleue-huettenberg-2\/","title":{"rendered":"'CHALCEDON bleu - H\u00fcttenberg"},"content":{"rendered":"<p> Veines de CHALCEDON bleu pigeon translucides dans de la SIDERITE xx brune (= minerai de fer = FER BRUN) et cristaux de quartz en saillie libre Var. CRISTAL DE MONTAGNE .<\/p>\n<p> Les mineurs de H\u00fcttenberg appelaient ces pi\u00e8ces \"AMETHYST\", en raison de la couleur mauve p\u00e2le des cristaux de quartz. Mais cette couleur est due au fait que la CHALCEDONE bleue transpara\u00eet dans le sous-sol. Les v\u00e9ritables AMETHYSTES tirent leur couleur des ions de fer et des rayons radioactifs qui se trouvent dans le r\u00e9seau cristallin du quartz.<\/p>\n<p> Mais c'est justement pour cela que ces \"AMETHYSTE\" de H\u00fcttenberg sont des RESULTATS. . RARIT\u00c9S .<\/p>\n<p>Superbe pi\u00e8ce ancienne - malheureusement notre DERNI\u00c8RE !<\/p>\n<p>L'exploitation mini\u00e8re a cess\u00e9 depuis plus de 40 ans et sur les grands terrils, on ne trouve malheureusement plus que des \"petites choses\", et encore, avec de la chance.<\/p>\n<p>poids : <u>1,66 kilogramme<\/u>    Dimensions : 13 x 10 x 10 cm<\/p>\n<p><u>SUPER PRIX DE COLLECTION  <\/u>- dans les bourses aux min\u00e9raux, vous ne trouverez pas un tel \"H\u00fcttenberger\" \u00e0 moins de 100 euros !<\/p>\n<p>La derni\u00e8re photo montre une ambiance de soir\u00e9e automnale dans le sud de la Carinthie.<\/p>","protected":false},"excerpt":{"rendered":"<p>Veines de CHALCEDON bleu pigeon translucides dans de la SIDERITE xx brune (= minerai de fer = FER BRUN) et cristaux de quartz en saillie Var. CRISTAL DE MONTAGNE . Les mineurs de H\u00fcttenberg appelaient ces pi\u00e8ces \"AMETHYST\", en raison de la couleur mauve p\u00e2le des cristaux de quartz. Mais cette couleur est due au fait que la CHALCEDONE bleue transpara\u00eet dans le sous-sol. Les v\u00e9ritables AMETHYSTES ont cependant leur couleur [...].<\/p>","protected":false},"featured_media":5878,"template":"","meta":{"_acf_changed":false},"region":[],"product_brand":[],"product_cat":[15],"product_tag":[],"class_list":{"0":"post-5877","1":"product","2":"type-product","3":"status-publish","4":"has-post-thumbnail","6":"product_cat-mineralien","8":"first","9":"outofstock","10":"sold-individually","11":"product-type-simple"},"acf":[],"_links":{"self":[{"href":"https:\/\/westgem.shop\/fr\/wp-json\/wp\/v2\/product\/5877","targetHints":{"allow":["GET"]}}],"collection":[{"href":"https:\/\/westgem.shop\/fr\/wp-json\/wp\/v2\/product"}],"about":[{"href":"https:\/\/westgem.shop\/fr\/wp-json\/wp\/v2\/types\/product"}],"wp:featuredmedia":[{"embeddable":true,"href":"https:\/\/westgem.shop\/fr\/wp-json\/wp\/v2\/media\/5878"}],"wp:attachment":[{"href":"https:\/\/westgem.shop\/fr\/wp-json\/wp\/v2\/media?parent=5877"}],"wp:term":[{"taxonomy":"region","embeddable":true,"href":"https:\/\/westgem.shop\/fr\/wp-json\/wp\/v2\/region?post=5877"},{"taxonomy":"product_brand","embeddable":true,"href":"https:\/\/westgem.shop\/fr\/wp-json\/wp\/v2\/product_brand?post=5877"},{"taxonomy":"product_cat","embeddable":true,"href":"https:\/\/westgem.shop\/fr\/wp-json\/wp\/v2\/product_cat?post=5877"},{"taxonomy":"product_tag","embeddable":true,"href":"https:\/\/westgem.shop\/fr\/wp-json\/wp\/v2\/product_tag?post=5877"}],"curies":[{"name":"wp","href":"https:\/\/api.w.org\/{rel}","templated":true}]}}