{"id":5885,"date":"2002-12-08T00:00:00","date_gmt":"2002-12-08T00:00:00","guid":{"rendered":"https:\/\/miners.rocks\/product\/titea-singularis-2\/"},"modified":"2020-05-19T17:05:25","modified_gmt":"2020-05-19T17:05:25","slug":"titea-singularis-2","status":"publish","type":"product","link":"https:\/\/westgem.shop\/fr\/produit\/titea-singularis-2\/","title":{"rendered":"TITEA SINGULARIS"},"content":{"rendered":"<p>Bois p\u00e9trifi\u00e9 . Var :  FARN<\/p>\n<p>Lat. Titea Singularis<\/p>\n<p>Disque \u00e0 grume, complet avec \u00e9corce - POLI des deux c\u00f4t\u00e9s<\/p>\n<p>For\u00eat p\u00e9trifi\u00e9e d'Araguano - Br\u00e9sil<\/p>\n<p>Poids : 532 g Dimensions : 23 x 16 x0,7 cm<\/p>","protected":false},"excerpt":{"rendered":"<p>Bois p\u00e9trifi\u00e9 . Var : FARN Lat. Titea Singularis Disque de tronc, complet avec \u00e9corce - POLI sur les deux faces Araguano Petrified Forest - Brazil Poids : 532 g Dimensions : 23 x 16 x0,7 cm<\/p>","protected":false},"featured_media":5886,"template":"","meta":{"_acf_changed":false},"region":[],"product_brand":[],"product_cat":[15],"product_tag":[],"class_list":{"0":"post-5885","1":"product","2":"type-product","3":"status-publish","4":"has-post-thumbnail","6":"product_cat-mineralien","8":"first","9":"outofstock","10":"sold-individually","11":"product-type-simple"},"acf":[],"_links":{"self":[{"href":"https:\/\/westgem.shop\/fr\/wp-json\/wp\/v2\/product\/5885","targetHints":{"allow":["GET"]}}],"collection":[{"href":"https:\/\/westgem.shop\/fr\/wp-json\/wp\/v2\/product"}],"about":[{"href":"https:\/\/westgem.shop\/fr\/wp-json\/wp\/v2\/types\/product"}],"wp:featuredmedia":[{"embeddable":true,"href":"https:\/\/westgem.shop\/fr\/wp-json\/wp\/v2\/media\/5886"}],"wp:attachment":[{"href":"https:\/\/westgem.shop\/fr\/wp-json\/wp\/v2\/media?parent=5885"}],"wp:term":[{"taxonomy":"region","embeddable":true,"href":"https:\/\/westgem.shop\/fr\/wp-json\/wp\/v2\/region?post=5885"},{"taxonomy":"product_brand","embeddable":true,"href":"https:\/\/westgem.shop\/fr\/wp-json\/wp\/v2\/product_brand?post=5885"},{"taxonomy":"product_cat","embeddable":true,"href":"https:\/\/westgem.shop\/fr\/wp-json\/wp\/v2\/product_cat?post=5885"},{"taxonomy":"product_tag","embeddable":true,"href":"https:\/\/westgem.shop\/fr\/wp-json\/wp\/v2\/product_tag?post=5885"}],"curies":[{"name":"wp","href":"https:\/\/api.w.org\/{rel}","templated":true}]}}