{"id":589,"date":"2000-03-15T00:00:00","date_gmt":"2000-03-15T00:00:00","guid":{"rendered":"https:\/\/miners.rocks\/product\/125\/"},"modified":"2020-05-19T16:55:46","modified_gmt":"2020-05-19T16:55:46","slug":"grossulaire-rose-xx","status":"publish","type":"product","link":"https:\/\/westgem.shop\/fr\/produit\/grossulaire-rose-xx\/","title":{"rendered":"GROSSULAR rose xx"},"content":{"rendered":"<p>Niveau de grenat sp\u00e9cial provenant de la Sierra de Cruces au Mexique. Dans cette r\u00e9gion, on conna\u00eet surtout les Rasberry Garnets, aux couleurs rouge intense. On a \u00e9galement trouv\u00e9 des grossules jaunes\/vertes, blanches et noires.<\/p>\n<p>Cette pi\u00e8ce poss\u00e8de un noyau de grenat noir MELANIT sur lequel a grandi le grossulaire l\u00e9g\u00e8rement ros\u00e9.<\/p>\n<p>Poids : 210 g Dimensions : total 7 x 6 x 4,5 cm grand cristal : 5 x 5 cm<\/p>","protected":false},"excerpt":{"rendered":"<p>Niveau de grenat sp\u00e9cial provenant de la Sierra de Cruces au Mexique. Dans cette r\u00e9gion, on conna\u00eet surtout les Rasberry Garnets, aux couleurs rouge intense. On a \u00e9galement trouv\u00e9 des grossules jaunes\/vertes, blanches et noires. Cette pi\u00e8ce poss\u00e8de un noyau de grenat noir en MELANITE sur lequel a pouss\u00e9 le grossulaire l\u00e9g\u00e8rement ros\u00e9. Poids : 210 g [...]<\/p>","protected":false},"featured_media":590,"template":"","meta":{"_acf_changed":false},"region":[],"product_brand":[],"product_cat":[15],"product_tag":[],"class_list":{"0":"post-589","1":"product","2":"type-product","3":"status-publish","4":"has-post-thumbnail","6":"product_cat-mineralien","8":"first","9":"outofstock","10":"sold-individually","11":"product-type-simple"},"acf":[],"_links":{"self":[{"href":"https:\/\/westgem.shop\/fr\/wp-json\/wp\/v2\/product\/589","targetHints":{"allow":["GET"]}}],"collection":[{"href":"https:\/\/westgem.shop\/fr\/wp-json\/wp\/v2\/product"}],"about":[{"href":"https:\/\/westgem.shop\/fr\/wp-json\/wp\/v2\/types\/product"}],"wp:featuredmedia":[{"embeddable":true,"href":"https:\/\/westgem.shop\/fr\/wp-json\/wp\/v2\/media\/590"}],"wp:attachment":[{"href":"https:\/\/westgem.shop\/fr\/wp-json\/wp\/v2\/media?parent=589"}],"wp:term":[{"taxonomy":"region","embeddable":true,"href":"https:\/\/westgem.shop\/fr\/wp-json\/wp\/v2\/region?post=589"},{"taxonomy":"product_brand","embeddable":true,"href":"https:\/\/westgem.shop\/fr\/wp-json\/wp\/v2\/product_brand?post=589"},{"taxonomy":"product_cat","embeddable":true,"href":"https:\/\/westgem.shop\/fr\/wp-json\/wp\/v2\/product_cat?post=589"},{"taxonomy":"product_tag","embeddable":true,"href":"https:\/\/westgem.shop\/fr\/wp-json\/wp\/v2\/product_tag?post=589"}],"curies":[{"name":"wp","href":"https:\/\/api.w.org\/{rel}","templated":true}]}}