{"id":5897,"date":"2011-08-10T00:00:00","date_gmt":"2011-08-10T00:00:00","guid":{"rendered":"https:\/\/miners.rocks\/product\/bergkristall-xx-gro%ef%ac%82venediger\/"},"modified":"2024-02-03T07:44:36","modified_gmt":"2024-02-03T07:44:36","slug":"cristal-de-roche-xx-gro%ef%ac%82eve","status":"publish","type":"product","link":"https:\/\/westgem.shop\/fr\/produit\/cristal-de-roche-xx-gro%ef%ac%82eve\/","title":{"rendered":"BERGKRISTALL xx - Grossvenediger"},"content":{"rendered":"<p>Un puissant CRISTAL DE MONTAGNE avec DEUX pointes et des faces terminales brillantes - en outre, ce <u>DOUBLE DISPOSITIF.<\/u><\/p>\n<p>Les DOUBLES, \u00e9galement appel\u00e9s \"flotteurs\", sont des cristaux qui sont rest\u00e9s longtemps dans une fissure. Ils n'ont donc pas adh\u00e9r\u00e9 aux parois de la fissure et ont donc form\u00e9 des surfaces naturelles aux deux extr\u00e9mit\u00e9s du cristal. C'est d\u00e9finitivement RARE.<\/p>\n<p>Brillant et compl\u00e8tement transparent .<\/p>\n<p><strong>Trouv\u00e9 dans les ann\u00e9es 60 dans la zone des HAUTES ALPINES du GRAND VENDEUR ( 3.657 m ) - MUR DE CRISTAL<\/strong><\/p>\n<p><strong>HOHE TAUERN - Tyrol oriental - Autriche<\/strong><\/p>\n<p>Poids : 783 g = 0,8 kilogramme<\/p>\n<p>Dimensions : 13,5 x 8 x 8 cm<\/p>\n<p>DE TELLES CRISTALES DE MONTAGNE Nobles ne sont pratiquement PLUS disponibles. PARFAIT.<\/p>","protected":false},"excerpt":{"rendered":"<p>Un puissant CRISTAL DE MONTAGNE avec DEUX pointes et des faces terminales brillantes - et en plus, c'est un DOUBLE PENDANT. Les DOUBLES, \u00e9galement appel\u00e9s \"flotteurs\", sont des cristaux qui sont rest\u00e9s longtemps dans une fissure, c'est-\u00e0-dire qu'ils n'ont pas adh\u00e9r\u00e9 aux parois de la fissure et qu'ils ont donc form\u00e9 des surfaces naturelles aux deux extr\u00e9mit\u00e9s du cristal. C'est d\u00e9finitivement RARE. Brillant et complet [...].<\/p>","protected":false},"featured_media":5898,"template":"","meta":{"_acf_changed":false},"region":[59],"product_brand":[],"product_cat":[22,19],"product_tag":[],"class_list":{"0":"post-5897","1":"product","2":"type-product","3":"status-publish","4":"has-post-thumbnail","6":"region-oesterreich","7":"product_cat-allgemein","8":"product_cat-kristallstufen","10":"first","11":"outofstock","12":"sold-individually","13":"product-type-simple"},"acf":[],"_links":{"self":[{"href":"https:\/\/westgem.shop\/fr\/wp-json\/wp\/v2\/product\/5897","targetHints":{"allow":["GET"]}}],"collection":[{"href":"https:\/\/westgem.shop\/fr\/wp-json\/wp\/v2\/product"}],"about":[{"href":"https:\/\/westgem.shop\/fr\/wp-json\/wp\/v2\/types\/product"}],"wp:featuredmedia":[{"embeddable":true,"href":"https:\/\/westgem.shop\/fr\/wp-json\/wp\/v2\/media\/5898"}],"wp:attachment":[{"href":"https:\/\/westgem.shop\/fr\/wp-json\/wp\/v2\/media?parent=5897"}],"wp:term":[{"taxonomy":"region","embeddable":true,"href":"https:\/\/westgem.shop\/fr\/wp-json\/wp\/v2\/region?post=5897"},{"taxonomy":"product_brand","embeddable":true,"href":"https:\/\/westgem.shop\/fr\/wp-json\/wp\/v2\/product_brand?post=5897"},{"taxonomy":"product_cat","embeddable":true,"href":"https:\/\/westgem.shop\/fr\/wp-json\/wp\/v2\/product_cat?post=5897"},{"taxonomy":"product_tag","embeddable":true,"href":"https:\/\/westgem.shop\/fr\/wp-json\/wp\/v2\/product_tag?post=5897"}],"curies":[{"name":"wp","href":"https:\/\/api.w.org\/{rel}","templated":true}]}}