{"id":5903,"date":"2002-12-11T00:00:00","date_gmt":"2002-12-11T00:00:00","guid":{"rendered":"https:\/\/miners.rocks\/product\/rauchquarz-xx-surselva\/"},"modified":"2020-05-19T17:05:26","modified_gmt":"2020-05-19T17:05:26","slug":"quartz-fume-xx-surselva","status":"publish","type":"product","link":"https:\/\/westgem.shop\/fr\/produit\/quartz-fume-xx-surselva\/","title":{"rendered":"RAUCHQUARZ xx - Surselva"},"content":{"rendered":"<p>Beau QUARTZ FUMEUR suisse<\/p>\n<p>Des cristaux tr\u00e8s brillants sur une roche m\u00e8re.<\/p>\n<p>Ancienne d\u00e9couverte de la SURSELVA en SUISSE<\/p>\n<p>Poids : 350 g Dimensions : 10 x 7 x 6 cm<\/p>\n<p>Belle marche ALPIN - Super prix. !<\/p>","protected":false},"excerpt":{"rendered":"<p>Belle MARCH\u00c9E SUISSE EN QUARTZ FUM\u00c9 Des cristaux tr\u00e8s brillants sur une roche m\u00e8re. Ancienne d\u00e9couverte de la SURSELVA en SUISSE Poids : 350 g Dimensions : 10 x 7 x 6 cm Belle marche ALPIN - Super prix. !<\/p>","protected":false},"featured_media":5904,"template":"","meta":{"_acf_changed":false},"region":[],"product_brand":[],"product_cat":[15],"product_tag":[],"class_list":{"0":"post-5903","1":"product","2":"type-product","3":"status-publish","4":"has-post-thumbnail","6":"product_cat-mineralien","8":"first","9":"outofstock","10":"sold-individually","11":"product-type-simple"},"acf":[],"_links":{"self":[{"href":"https:\/\/westgem.shop\/fr\/wp-json\/wp\/v2\/product\/5903","targetHints":{"allow":["GET"]}}],"collection":[{"href":"https:\/\/westgem.shop\/fr\/wp-json\/wp\/v2\/product"}],"about":[{"href":"https:\/\/westgem.shop\/fr\/wp-json\/wp\/v2\/types\/product"}],"wp:featuredmedia":[{"embeddable":true,"href":"https:\/\/westgem.shop\/fr\/wp-json\/wp\/v2\/media\/5904"}],"wp:attachment":[{"href":"https:\/\/westgem.shop\/fr\/wp-json\/wp\/v2\/media?parent=5903"}],"wp:term":[{"taxonomy":"region","embeddable":true,"href":"https:\/\/westgem.shop\/fr\/wp-json\/wp\/v2\/region?post=5903"},{"taxonomy":"product_brand","embeddable":true,"href":"https:\/\/westgem.shop\/fr\/wp-json\/wp\/v2\/product_brand?post=5903"},{"taxonomy":"product_cat","embeddable":true,"href":"https:\/\/westgem.shop\/fr\/wp-json\/wp\/v2\/product_cat?post=5903"},{"taxonomy":"product_tag","embeddable":true,"href":"https:\/\/westgem.shop\/fr\/wp-json\/wp\/v2\/product_tag?post=5903"}],"curies":[{"name":"wp","href":"https:\/\/api.w.org\/{rel}","templated":true}]}}