{"id":5909,"date":"2002-12-12T00:00:00","date_gmt":"2002-12-12T00:00:00","guid":{"rendered":"https:\/\/miners.rocks\/product\/hochalpin-quarz-xx\/"},"modified":"2020-05-19T17:05:27","modified_gmt":"2020-05-19T17:05:27","slug":"quartz-des-hautes-alpes-xx","status":"publish","type":"product","link":"https:\/\/westgem.shop\/fr\/produit\/quartz-des-hautes-alpes-xx\/","title":{"rendered":"Quartz des hautes Alpes xx"},"content":{"rendered":"<p>Tr\u00e8s belle finition brillante ( malheureusement, les photos ne permettent pas de la repr\u00e9senter en vrai)- les innombrables petites surfaces d'extr\u00e9mit\u00e9 refl\u00e8tent la lumi\u00e8re du soleil comme un feu d'artifice-<\/p>\n<p>HOCHALPINER Quartz - Var. CRISTAL DE MONTAGNE xx . les surfaces sont totalement lisses - cristallines - avec un \u00e9clat directement magique.<\/p>\n<p>Trouv\u00e9 fin juillet \u00e0 ANKOGEL ( 3.245 m) dans la r\u00e9gion du sommet dans les HAUTES TAURES<\/p>\n<p>Carinthie<\/p>\n<p>poids :<u> 2,4 kilogrammes Dimensions : 19 x 12 x 8 cm<\/u><\/p>\n<p>Au verso, les faces cristallines sont en partie recouvertes d'oxyde de fer - \u00e9galement typique des 'Hautes Alpes' !<\/p>","protected":false},"excerpt":{"rendered":"<p>Tr\u00e8s beau quartz tr\u00e8s brillant (malheureusement pas visible sur les photos) - les innombrables petites surfaces terminales refl\u00e8tent la lumi\u00e8re du soleil comme un feu d'artifice - HOCHALPINER Quartz - Var. BERGKRISTALL xx . les surfaces sont totalement lisses - cristallines - avec un \u00e9clat directement magique. Trouv\u00e9 fin juillet \u00e0 ANKOGEL ( 3.245 m) dans la r\u00e9gion du sommet dans les HAUTES TAURES en Carinthie Poids : 2,4 [...].<\/p>","protected":false},"featured_media":5910,"template":"","meta":{"_acf_changed":false},"region":[],"product_brand":[],"product_cat":[15],"product_tag":[],"class_list":{"0":"post-5909","1":"product","2":"type-product","3":"status-publish","4":"has-post-thumbnail","6":"product_cat-mineralien","8":"first","9":"outofstock","10":"sold-individually","11":"product-type-simple"},"acf":[],"_links":{"self":[{"href":"https:\/\/westgem.shop\/fr\/wp-json\/wp\/v2\/product\/5909","targetHints":{"allow":["GET"]}}],"collection":[{"href":"https:\/\/westgem.shop\/fr\/wp-json\/wp\/v2\/product"}],"about":[{"href":"https:\/\/westgem.shop\/fr\/wp-json\/wp\/v2\/types\/product"}],"wp:featuredmedia":[{"embeddable":true,"href":"https:\/\/westgem.shop\/fr\/wp-json\/wp\/v2\/media\/5910"}],"wp:attachment":[{"href":"https:\/\/westgem.shop\/fr\/wp-json\/wp\/v2\/media?parent=5909"}],"wp:term":[{"taxonomy":"region","embeddable":true,"href":"https:\/\/westgem.shop\/fr\/wp-json\/wp\/v2\/region?post=5909"},{"taxonomy":"product_brand","embeddable":true,"href":"https:\/\/westgem.shop\/fr\/wp-json\/wp\/v2\/product_brand?post=5909"},{"taxonomy":"product_cat","embeddable":true,"href":"https:\/\/westgem.shop\/fr\/wp-json\/wp\/v2\/product_cat?post=5909"},{"taxonomy":"product_tag","embeddable":true,"href":"https:\/\/westgem.shop\/fr\/wp-json\/wp\/v2\/product_tag?post=5909"}],"curies":[{"name":"wp","href":"https:\/\/api.w.org\/{rel}","templated":true}]}}