{"id":5914,"date":"2002-12-13T00:00:00","date_gmt":"2002-12-13T00:00:00","guid":{"rendered":"https:\/\/miners.rocks\/product\/verst-holz-arizona\/"},"modified":"2020-05-19T17:05:27","modified_gmt":"2020-05-19T17:05:27","slug":"verst-bois-arizona","status":"publish","type":"product","link":"https:\/\/westgem.shop\/fr\/produit\/verst-bois-arizona\/","title":{"rendered":"Verst. BOIS - ARIZONA"},"content":{"rendered":"<p>BOIS fossilis\u00e9 - environ 220 millions d'ann\u00e9es.<\/p>\n<p>Tronc entier, complet avec \u00e9corce - coup\u00e9 et poli des deux c\u00f4t\u00e9s et avec<\/p>\n<p>des couleurs exceptionnelles pour ce site mondialement connu .<\/p>\n<p>PETRIFIED FOREST - HOLBROOK - ARIZONA - USA<\/p>\n<p><u>Poids : 5 kilogrammes<\/u>      Dimensions : 21 x 13 x 11 cm<\/p>\n<p>SUPER PRIX EN LIGNE - de telles pi\u00e8ces ne sont plus disponibles qu'avec BEAUCOUP de chance.<\/p>","protected":false},"excerpt":{"rendered":"<p>BOIS fossilis\u00e9 - environ 220 millions d'ann\u00e9es. Tronc entier, compl. avec \u00e9corce - coup\u00e9 et poli des deux c\u00f4t\u00e9s et avec des couleurs exceptionnelles pour ce site mondialement connu . PETRIFIED FOREST - HOLBROOK - ARIZONA - USA Poids : 5 kilogrammes Dimensions : 21 x 13 x 11 cm SUPER PRIX EN LIGNE - de telles pi\u00e8ces ne sont plus disponibles qu'avec [...].<\/p>","protected":false},"featured_media":5915,"template":"","meta":{"_acf_changed":false},"region":[],"product_brand":[],"product_cat":[15],"product_tag":[],"class_list":{"0":"post-5914","1":"product","2":"type-product","3":"status-publish","4":"has-post-thumbnail","6":"product_cat-mineralien","8":"first","9":"outofstock","10":"sold-individually","11":"product-type-simple"},"acf":[],"_links":{"self":[{"href":"https:\/\/westgem.shop\/fr\/wp-json\/wp\/v2\/product\/5914","targetHints":{"allow":["GET"]}}],"collection":[{"href":"https:\/\/westgem.shop\/fr\/wp-json\/wp\/v2\/product"}],"about":[{"href":"https:\/\/westgem.shop\/fr\/wp-json\/wp\/v2\/types\/product"}],"wp:featuredmedia":[{"embeddable":true,"href":"https:\/\/westgem.shop\/fr\/wp-json\/wp\/v2\/media\/5915"}],"wp:attachment":[{"href":"https:\/\/westgem.shop\/fr\/wp-json\/wp\/v2\/media?parent=5914"}],"wp:term":[{"taxonomy":"region","embeddable":true,"href":"https:\/\/westgem.shop\/fr\/wp-json\/wp\/v2\/region?post=5914"},{"taxonomy":"product_brand","embeddable":true,"href":"https:\/\/westgem.shop\/fr\/wp-json\/wp\/v2\/product_brand?post=5914"},{"taxonomy":"product_cat","embeddable":true,"href":"https:\/\/westgem.shop\/fr\/wp-json\/wp\/v2\/product_cat?post=5914"},{"taxonomy":"product_tag","embeddable":true,"href":"https:\/\/westgem.shop\/fr\/wp-json\/wp\/v2\/product_tag?post=5914"}],"curies":[{"name":"wp","href":"https:\/\/api.w.org\/{rel}","templated":true}]}}