{"id":5920,"date":"2002-12-14T00:00:00","date_gmt":"2002-12-14T00:00:00","guid":{"rendered":"https:\/\/miners.rocks\/product\/superstufe-anden-suedamerika\/"},"modified":"2020-05-19T17:05:28","modified_gmt":"2020-05-19T17:05:28","slug":"super-niveau-andes-amerique-du-sud","status":"publish","type":"product","link":"https:\/\/westgem.shop\/fr\/produit\/super-niveau-andes-amerique-du-sud\/","title":{"rendered":"SUPER-NIVEAU -EN AM\u00c9RIQUE DU SUD"},"content":{"rendered":"<p>A partir de d\u00e9couvertes ANCIENNES dans les ann\u00e9es 1970.<\/p>\n<p><u>SUPER NIVEAU DE CRISTAL<\/u><\/p>\n<p>Magnifique CALCITE MANGANO - l\u00e9g\u00e8rement rose avec d'innombrables cristaux PYRITES dor\u00e9s et brillants, parfois des cubes parfaits et de nombreux petits CRISTALLES DE MONTAGNE.<\/p>\n<p>Voici notre derni\u00e8re pi\u00e8ce provenant d'un ancien LOT de la c\u00e9l\u00e8bre r\u00e9gion d'ANCASH dans les HAUTES-MONTAGNES au sud de l'AM\u00c9RIQUE.<\/p>\n<p><u>le poids de la marche est de 4,42 kilogrammes<\/u><\/p>\n<p><u>22 x 17 x 13 cm<\/u><\/p>\n<p>Sur les photos, en particulier le dos des marches, est plein de PYRITE, qui appara\u00eet malheureusement en gris sur les photos, mais en fait la marche est totalement DOR\u00c9E, comme nous ne faisons pas de photos de studio, notre appareil photo (en fait un bon Canon) - prend les couleurs dor\u00e9es tr\u00e8s brillantes en GRIS - nous avons essay\u00e9 beaucoup de choses, mais montrer la 'PYRITE comme \u00e7a originale ne va pas du tout - d\u00e9sol\u00e9.<\/p>\n<p><u>PRIX SP\u00c9CIAL COLLECTIONNEUR !<\/u><\/p>","protected":false},"excerpt":{"rendered":"<p>Provenant d'anciennes d\u00e9couvertes dans les ann\u00e9es 1970. SUPER NIVEAU DE CRISTAL Magnifiquement form\u00e9 MANGANO CALCITE - l\u00e9g\u00e8rement rose avec d'innombrables cristaux de PYRITE dor\u00e9s brillants tw. cubes parfaits et beaucoup de petits CRISTALS DE MONTAGNE C'est notre derni\u00e8re pi\u00e8ce d'un ancien LOT de la c\u00e9l\u00e8bre r\u00e9gion ANCASH dans les HAUTES MONTAGNES en AMERIQUE DU SUD Le poids du niveau est de 4,42 kilogrammes 22 [...].<\/p>","protected":false},"featured_media":5921,"template":"","meta":{"_acf_changed":false},"region":[],"product_brand":[],"product_cat":[15],"product_tag":[],"class_list":{"0":"post-5920","1":"product","2":"type-product","3":"status-publish","4":"has-post-thumbnail","6":"product_cat-mineralien","8":"first","9":"outofstock","10":"sold-individually","11":"product-type-simple"},"acf":[],"_links":{"self":[{"href":"https:\/\/westgem.shop\/fr\/wp-json\/wp\/v2\/product\/5920","targetHints":{"allow":["GET"]}}],"collection":[{"href":"https:\/\/westgem.shop\/fr\/wp-json\/wp\/v2\/product"}],"about":[{"href":"https:\/\/westgem.shop\/fr\/wp-json\/wp\/v2\/types\/product"}],"wp:featuredmedia":[{"embeddable":true,"href":"https:\/\/westgem.shop\/fr\/wp-json\/wp\/v2\/media\/5921"}],"wp:attachment":[{"href":"https:\/\/westgem.shop\/fr\/wp-json\/wp\/v2\/media?parent=5920"}],"wp:term":[{"taxonomy":"region","embeddable":true,"href":"https:\/\/westgem.shop\/fr\/wp-json\/wp\/v2\/region?post=5920"},{"taxonomy":"product_brand","embeddable":true,"href":"https:\/\/westgem.shop\/fr\/wp-json\/wp\/v2\/product_brand?post=5920"},{"taxonomy":"product_cat","embeddable":true,"href":"https:\/\/westgem.shop\/fr\/wp-json\/wp\/v2\/product_cat?post=5920"},{"taxonomy":"product_tag","embeddable":true,"href":"https:\/\/westgem.shop\/fr\/wp-json\/wp\/v2\/product_tag?post=5920"}],"curies":[{"name":"wp","href":"https:\/\/api.w.org\/{rel}","templated":true}]}}