{"id":5929,"date":"2002-12-15T00:00:00","date_gmt":"2002-12-15T00:00:00","guid":{"rendered":"https:\/\/miners.rocks\/product\/pyrit-xx-auf-mangano-calcit-xx-3\/"},"modified":"2020-05-19T17:05:29","modified_gmt":"2020-05-19T17:05:29","slug":"pyrite-xx-sur-manganese-calcite-xx-3","status":"publish","type":"product","link":"https:\/\/westgem.shop\/fr\/produit\/pyrite-xx-sur-manganese-calcite-xx-3\/","title":{"rendered":"PYRIT xx sur MANGANO CALCIT xx"},"content":{"rendered":"<p>\u00c0 partir d'anciennes d\u00e9couvertes des ann\u00e9es 1970.<\/p>\n<p>CRISTAL PYRITE brillant, parfois en cubes parfaits, sur MANGANO CALCITES roses et CRISTALS DE MONTAGNE blancs et transparents.<\/p>\n<p>Tr\u00e8s attractif et rare \u00e0 voir.<\/p>\n<p>localisation de la trouvaille : R\u00e9gion ANCASH dans les HAUTES ANDES en AM\u00c9RIQUE DU SUD<\/p>\n<p>Poids : 660 g Dimensions : 16 x 9 x 6 cm<\/p>\n<p>Malheureusement, le PYRITE brillant, de couleur OR, appara\u00eet en GRIS sur les photos, l'appareil photo ne peut PAS rendre ces superbes couleurs de mani\u00e8re R\u00c9ELLE - Dommage.<\/p>\n<p>PRIX SPECIAL DE SALLE - De telles pi\u00e8ces sont extr\u00eamement RARES !<\/p>","protected":false},"excerpt":{"rendered":"<p>Provenant d'anciennes trouvailles des ann\u00e9es 1970. CRISTALES PYRITIQUES brillants, parfois en cubes parfaits, sur calcite MANGANO rose et CRISTALLES DE MONTAGNE blancs et transparents. Tr\u00e8s attractif et rare \u00e0 voir. Lieu de d\u00e9couverte : r\u00e9gion d'ANCASH dans les HAUTES ANDES en AM\u00c9RIQUE DU SUD Poids : 660 g Dimensions : 16 x 9 x 6 cm Malheureusement, l'aspect brillant, Dor\u00e9 [...].<\/p>","protected":false},"featured_media":5930,"template":"","meta":{"_acf_changed":false},"region":[],"product_brand":[],"product_cat":[15],"product_tag":[],"class_list":{"0":"post-5929","1":"product","2":"type-product","3":"status-publish","4":"has-post-thumbnail","6":"product_cat-mineralien","8":"first","9":"outofstock","10":"sold-individually","11":"product-type-simple"},"acf":[],"_links":{"self":[{"href":"https:\/\/westgem.shop\/fr\/wp-json\/wp\/v2\/product\/5929","targetHints":{"allow":["GET"]}}],"collection":[{"href":"https:\/\/westgem.shop\/fr\/wp-json\/wp\/v2\/product"}],"about":[{"href":"https:\/\/westgem.shop\/fr\/wp-json\/wp\/v2\/types\/product"}],"wp:featuredmedia":[{"embeddable":true,"href":"https:\/\/westgem.shop\/fr\/wp-json\/wp\/v2\/media\/5930"}],"wp:attachment":[{"href":"https:\/\/westgem.shop\/fr\/wp-json\/wp\/v2\/media?parent=5929"}],"wp:term":[{"taxonomy":"region","embeddable":true,"href":"https:\/\/westgem.shop\/fr\/wp-json\/wp\/v2\/region?post=5929"},{"taxonomy":"product_brand","embeddable":true,"href":"https:\/\/westgem.shop\/fr\/wp-json\/wp\/v2\/product_brand?post=5929"},{"taxonomy":"product_cat","embeddable":true,"href":"https:\/\/westgem.shop\/fr\/wp-json\/wp\/v2\/product_cat?post=5929"},{"taxonomy":"product_tag","embeddable":true,"href":"https:\/\/westgem.shop\/fr\/wp-json\/wp\/v2\/product_tag?post=5929"}],"curies":[{"name":"wp","href":"https:\/\/api.w.org\/{rel}","templated":true}]}}