{"id":593,"date":"2000-03-16T00:00:00","date_gmt":"2000-03-16T00:00:00","guid":{"rendered":"https:\/\/miners.rocks\/product\/126\/"},"modified":"2020-05-19T16:55:46","modified_gmt":"2020-05-19T16:55:46","slug":"cyanite-xx-dans-eclogite-saualpe","status":"publish","type":"product","link":"https:\/\/westgem.shop\/fr\/produit\/cyanite-xx-dans-eclogite-saualpe\/","title":{"rendered":"KYANIT xx en \u00e9clogite SAUALPE"},"content":{"rendered":"<p>Saualpe Lundi de Pentec\u00f4te 2010. Dans les grands blocs d'EKLOGIT \u00e0 environ 1.8oo m d'altitude, les collectionneurs ont de temps en temps une bonne surprise.<\/p>\n<p>Sur la Saualpe, dans l'est de la Carinthie, une cha\u00eene de montagnes de 2 000 m d'altitude et d'environ 20 km de long, plus de 300 min\u00e9raux diff\u00e9rents ont d\u00e9j\u00e0 \u00e9t\u00e9 identifi\u00e9s. C'est ici que se trouve par exemple la typicit\u00e9 de ZOISIT .<\/p>\n<p>L'EKLOGIT est en fait une roche m\u00e9tamorphique peu fr\u00e9quente, compos\u00e9e de proportions variables de GRANAT et de PYROXENE, avec des m\u00e9langes secondaires de CYANITE (DISTHENE), de RUTIL, de HORNBLENDE, de ZOISITE et de quartz.<\/p>\n<p>Poids:1.80 kg Dimensions : 15 x 15 x 5 cm<\/p>","protected":false},"excerpt":{"rendered":"<p>Saualpe Lundi de Pentec\u00f4te 2010. Dans les grands blocs d'EKLOGIT \u00e0 environ 1.800 m d'altitude, les collectionneurs ont de temps en temps une bonne surprise. Sur la Saualpe en Carinthie orientale, une cha\u00eene de montagnes de 2.000 m d'altitude et d'environ 20 km de long, plus de 300 min\u00e9raux diff\u00e9rents ont d\u00e9j\u00e0 \u00e9t\u00e9 identifi\u00e9s, comme par exemple la typicit\u00e9 de la ZOISIT . EKLOGIT [...]<\/p>","protected":false},"featured_media":594,"template":"","meta":{"_acf_changed":false},"region":[],"product_brand":[],"product_cat":[15],"product_tag":[],"class_list":{"0":"post-593","1":"product","2":"type-product","3":"status-publish","4":"has-post-thumbnail","6":"product_cat-mineralien","8":"first","9":"outofstock","10":"sold-individually","11":"product-type-simple"},"acf":[],"_links":{"self":[{"href":"https:\/\/westgem.shop\/fr\/wp-json\/wp\/v2\/product\/593","targetHints":{"allow":["GET"]}}],"collection":[{"href":"https:\/\/westgem.shop\/fr\/wp-json\/wp\/v2\/product"}],"about":[{"href":"https:\/\/westgem.shop\/fr\/wp-json\/wp\/v2\/types\/product"}],"wp:featuredmedia":[{"embeddable":true,"href":"https:\/\/westgem.shop\/fr\/wp-json\/wp\/v2\/media\/594"}],"wp:attachment":[{"href":"https:\/\/westgem.shop\/fr\/wp-json\/wp\/v2\/media?parent=593"}],"wp:term":[{"taxonomy":"region","embeddable":true,"href":"https:\/\/westgem.shop\/fr\/wp-json\/wp\/v2\/region?post=593"},{"taxonomy":"product_brand","embeddable":true,"href":"https:\/\/westgem.shop\/fr\/wp-json\/wp\/v2\/product_brand?post=593"},{"taxonomy":"product_cat","embeddable":true,"href":"https:\/\/westgem.shop\/fr\/wp-json\/wp\/v2\/product_cat?post=593"},{"taxonomy":"product_tag","embeddable":true,"href":"https:\/\/westgem.shop\/fr\/wp-json\/wp\/v2\/product_tag?post=593"}],"curies":[{"name":"wp","href":"https:\/\/api.w.org\/{rel}","templated":true}]}}