{"id":597,"date":"2000-03-17T00:00:00","date_gmt":"2000-03-17T00:00:00","guid":{"rendered":"https:\/\/miners.rocks\/product\/128\/"},"modified":"2020-05-19T16:55:46","modified_gmt":"2020-05-19T16:55:46","slug":"nature-citrine-aa","status":"publish","type":"product","link":"https:\/\/westgem.shop\/fr\/produit\/nature-citrine-aa\/","title":{"rendered":"Nature CITRINE AA"},"content":{"rendered":"<p>CITRINE de Madagascar de premi\u00e8re qualit\u00e9 . Transparente et brillante avec la couleur typique de la citrine. La CITRINE naturelle est toujours \"jaune citron\", la plupart des \"citrines\" vendues dans le commerce ne sont que des am\u00e9thystes br\u00fbl\u00e9es et sont alors jaune orang\u00e9. La citrine naturelle est du cristal de roche, sa couleur provient des ions d'aluminium int\u00e9gr\u00e9s dans le r\u00e9seau cristallin de quartz.<\/p>\n<p>Poids : 115 grammes Dimensions : 7 x 5 x 4 cm<\/p>","protected":false},"excerpt":{"rendered":"<p>CITRINE de Madagascar de premi\u00e8re qualit\u00e9 . Transparente et brillante avec la couleur typique de la citrine. La CITRINE naturelle est toujours \"jaune citron\", la plupart des \"citrines\" vendues dans le commerce ne sont que des am\u00e9thystes br\u00fbl\u00e9es et sont alors jaune orang\u00e9. La citrine naturelle est du cristal de roche, la couleur provient des ions d'aluminium int\u00e9gr\u00e9s dans le r\u00e9seau cristallin de quartz. Poids : 115 grammes Dimensions : 7 x [...]<\/p>","protected":false},"featured_media":598,"template":"","meta":{"_acf_changed":false},"region":[],"product_brand":[],"product_cat":[15],"product_tag":[],"class_list":{"0":"post-597","1":"product","2":"type-product","3":"status-publish","4":"has-post-thumbnail","6":"product_cat-mineralien","8":"first","9":"outofstock","10":"sold-individually","11":"product-type-simple"},"acf":[],"_links":{"self":[{"href":"https:\/\/westgem.shop\/fr\/wp-json\/wp\/v2\/product\/597","targetHints":{"allow":["GET"]}}],"collection":[{"href":"https:\/\/westgem.shop\/fr\/wp-json\/wp\/v2\/product"}],"about":[{"href":"https:\/\/westgem.shop\/fr\/wp-json\/wp\/v2\/types\/product"}],"wp:featuredmedia":[{"embeddable":true,"href":"https:\/\/westgem.shop\/fr\/wp-json\/wp\/v2\/media\/598"}],"wp:attachment":[{"href":"https:\/\/westgem.shop\/fr\/wp-json\/wp\/v2\/media?parent=597"}],"wp:term":[{"taxonomy":"region","embeddable":true,"href":"https:\/\/westgem.shop\/fr\/wp-json\/wp\/v2\/region?post=597"},{"taxonomy":"product_brand","embeddable":true,"href":"https:\/\/westgem.shop\/fr\/wp-json\/wp\/v2\/product_brand?post=597"},{"taxonomy":"product_cat","embeddable":true,"href":"https:\/\/westgem.shop\/fr\/wp-json\/wp\/v2\/product_cat?post=597"},{"taxonomy":"product_tag","embeddable":true,"href":"https:\/\/westgem.shop\/fr\/wp-json\/wp\/v2\/product_tag?post=597"}],"curies":[{"name":"wp","href":"https:\/\/api.w.org\/{rel}","templated":true}]}}