{"id":599,"date":"2000-03-18T00:00:00","date_gmt":"2000-03-18T00:00:00","guid":{"rendered":"https:\/\/miners.rocks\/product\/129\/"},"modified":"2020-05-19T16:55:46","modified_gmt":"2020-05-19T16:55:46","slug":"superbe-plaque-dagate-naturelle","status":"publish","type":"product","link":"https:\/\/westgem.shop\/fr\/produit\/superbe-plaque-dagate-naturelle\/","title":{"rendered":"Superbe plaque naturelle ACHAT"},"content":{"rendered":"<p>Disque d'un ACHAT de premi\u00e8re qualit\u00e9 \u00e0 coloration naturelle d'Artigas en Uruguay.<\/p>\n<p>Le disque est poli des deux c\u00f4t\u00e9s et pr\u00e9sente des motifs et des couleurs fascinants, surtout en cas de r\u00e9tro\u00e9clairage.<\/p>\n<p>L'image 3 montre la couleur en lumi\u00e8re normale.<\/p>\n<p>Poids : 0,70 kilogramme Dimensions : 30 x 19 x 0,7 cm<\/p>","protected":false},"excerpt":{"rendered":"<p>Disque d'un ACHAT de premi\u00e8re qualit\u00e9 de couleur naturelle provenant d'Artigas en Uruguay. Le disque est poli sur les deux faces et pr\u00e9sente des motifs et des couleurs fascinants, surtout en lumi\u00e8re de fond. L'image 3 montre la couleur en lumi\u00e8re normale. Poids : 0,70 kilogramme Dimensions : 30 x 19 x 0,7 cm<\/p>","protected":false},"featured_media":600,"template":"","meta":{"_acf_changed":false},"region":[],"product_brand":[],"product_cat":[15],"product_tag":[],"class_list":{"0":"post-599","1":"product","2":"type-product","3":"status-publish","4":"has-post-thumbnail","6":"product_cat-mineralien","8":"first","9":"outofstock","10":"sold-individually","11":"product-type-simple"},"acf":[],"_links":{"self":[{"href":"https:\/\/westgem.shop\/fr\/wp-json\/wp\/v2\/product\/599","targetHints":{"allow":["GET"]}}],"collection":[{"href":"https:\/\/westgem.shop\/fr\/wp-json\/wp\/v2\/product"}],"about":[{"href":"https:\/\/westgem.shop\/fr\/wp-json\/wp\/v2\/types\/product"}],"wp:featuredmedia":[{"embeddable":true,"href":"https:\/\/westgem.shop\/fr\/wp-json\/wp\/v2\/media\/600"}],"wp:attachment":[{"href":"https:\/\/westgem.shop\/fr\/wp-json\/wp\/v2\/media?parent=599"}],"wp:term":[{"taxonomy":"region","embeddable":true,"href":"https:\/\/westgem.shop\/fr\/wp-json\/wp\/v2\/region?post=599"},{"taxonomy":"product_brand","embeddable":true,"href":"https:\/\/westgem.shop\/fr\/wp-json\/wp\/v2\/product_brand?post=599"},{"taxonomy":"product_cat","embeddable":true,"href":"https:\/\/westgem.shop\/fr\/wp-json\/wp\/v2\/product_cat?post=599"},{"taxonomy":"product_tag","embeddable":true,"href":"https:\/\/westgem.shop\/fr\/wp-json\/wp\/v2\/product_tag?post=599"}],"curies":[{"name":"wp","href":"https:\/\/api.w.org\/{rel}","templated":true}]}}