{"id":603,"date":"2000-03-19T00:00:00","date_gmt":"2000-03-19T00:00:00","guid":{"rendered":"https:\/\/miners.rocks\/product\/130\/"},"modified":"2020-05-19T16:55:47","modified_gmt":"2020-05-19T16:55:47","slug":"naturel-disque-dagate-xxl","status":"publish","type":"product","link":"https:\/\/westgem.shop\/fr\/produit\/naturel-disque-dagate-xxl\/","title":{"rendered":"Nature Disque ACHAT XXL"},"content":{"rendered":"<p>Tr\u00e8s grande plaque d\u00e9corative, polie sur les deux faces, particuli\u00e8rement spectaculaire en contre-jour.<\/p>\n<p>Poids : 1,2 kilogramme Dimensions : 29,5 x 26 x 0,9 cm<\/p>\n<p>Photo 3 teigr le disque en lumi\u00e8re normale<\/p>","protected":false},"excerpt":{"rendered":"<p>Tr\u00e8s grande plaque d\u00e9corative, polie sur les deux faces, particuli\u00e8rement spectaculaire en contre-jour. Poids : 1,2 kilogramme Dimensions : 29,5 x 26 x 0,9 cm Photo 3 montre le disque en lumi\u00e8re normale.<\/p>","protected":false},"featured_media":604,"template":"","meta":{"_acf_changed":false},"region":[],"product_brand":[],"product_cat":[15],"product_tag":[],"class_list":{"0":"post-603","1":"product","2":"type-product","3":"status-publish","4":"has-post-thumbnail","6":"product_cat-mineralien","8":"first","9":"outofstock","10":"sold-individually","11":"product-type-simple"},"acf":[],"_links":{"self":[{"href":"https:\/\/westgem.shop\/fr\/wp-json\/wp\/v2\/product\/603","targetHints":{"allow":["GET"]}}],"collection":[{"href":"https:\/\/westgem.shop\/fr\/wp-json\/wp\/v2\/product"}],"about":[{"href":"https:\/\/westgem.shop\/fr\/wp-json\/wp\/v2\/types\/product"}],"wp:featuredmedia":[{"embeddable":true,"href":"https:\/\/westgem.shop\/fr\/wp-json\/wp\/v2\/media\/604"}],"wp:attachment":[{"href":"https:\/\/westgem.shop\/fr\/wp-json\/wp\/v2\/media?parent=603"}],"wp:term":[{"taxonomy":"region","embeddable":true,"href":"https:\/\/westgem.shop\/fr\/wp-json\/wp\/v2\/region?post=603"},{"taxonomy":"product_brand","embeddable":true,"href":"https:\/\/westgem.shop\/fr\/wp-json\/wp\/v2\/product_brand?post=603"},{"taxonomy":"product_cat","embeddable":true,"href":"https:\/\/westgem.shop\/fr\/wp-json\/wp\/v2\/product_cat?post=603"},{"taxonomy":"product_tag","embeddable":true,"href":"https:\/\/westgem.shop\/fr\/wp-json\/wp\/v2\/product_tag?post=603"}],"curies":[{"name":"wp","href":"https:\/\/api.w.org\/{rel}","templated":true}]}}