{"id":6031,"date":"2002-12-16T00:00:00","date_gmt":"2002-12-16T00:00:00","guid":{"rendered":"https:\/\/miners.rocks\/product\/herkimer-diamant-frankreich\/"},"modified":"2020-05-19T17:05:30","modified_gmt":"2020-05-19T17:05:30","slug":"diamant-herkimer-france","status":"publish","type":"product","link":"https:\/\/westgem.shop\/fr\/produit\/diamant-herkimer-france\/","title":{"rendered":"\"DIAMANT d'Herkimer\" - FRANCE"},"content":{"rendered":"<p><u><\/u><\/p>\n<p>TOP PI\u00c8CE DE COLLECTION    <\/p>\n<p>Une des MEILLEURES marches d'Herkimer.<\/p>\n<p>Les \"DIAMANTS DE HERKIMER\" sont des cristaux sp\u00e9ciaux de quartz double-ender qui ont toujours \u00e9t\u00e9 consid\u00e9r\u00e9s comme de v\u00e9ritables DIAMANTS en raison de leur \u00e9clat de DIAMANTS. Le nom de Herkimer provient des d\u00e9couvertes originales dans le Herkimer Country dans l'\u00e9tat am\u00e9ricain de Washington.<\/p>\n<p>Selon les derni\u00e8res d\u00e9couvertes, l'origine de ces cristaux particuliers remonte aux stromatolithes.<\/p>\n<p>Cette SUPERSTRUCTION provient de la Drome\/Mirabeau dans le sud de la France.<\/p>\n<p> Le cristal est l\u00e9g\u00e8rement \"color\u00e9 champagne\".<\/p>\n<p>Dans la matrice de DOLOMIT, des cristaux sont librement pos\u00e9s, dont un particuli\u00e8rement grand avec une excellente cristallisation et un \u00e9clat brillant.<\/p>\n<p>Les marches avec de tels cristaux Top sont TR\u00c8S R\u00c9CENTES et extr\u00eamement RARES.<\/p>\n<p>Poids de la marche :<u> 1,8 kilogramme<\/u><\/p>\n<p><u>Dimensions : 16 x 15 x 8 cm<\/u>   Le cristal au milieu <u>mesure plus de 2 cm !<\/u><\/p>\n<p>On y voit aussi encore de tr\u00e8s nombreux petits cristaux de DOLOMIT tr\u00e8s brillants.<\/p>\n<p>La derni\u00e8re image montre l'arri\u00e8re de la g\u00e9ode.<\/p>","protected":false},"excerpt":{"rendered":"<p>TOP PI\u00c8CE DE COLLECTION Un des MEILLEURS Niveaux de Herkimer. Les \"DIAMANTS DE HERKIMER\" sont des cristaux de quartz sp\u00e9ciaux qui, en raison de leur \u00e9clat de DIAMANT, ont toujours \u00e9t\u00e9 pris pour de v\u00e9ritables DIAMANTS. Le nom de Herkimer provient des d\u00e9couvertes originales dans le Herkimer Country dans l'\u00c9tat am\u00e9ricain de Washington. Selon les derni\u00e8res d\u00e9couvertes, l'origine de ces cristaux particuliers remonte \u00e0 [...].<\/p>","protected":false},"featured_media":6032,"template":"","meta":{"_acf_changed":false},"region":[],"product_brand":[],"product_cat":[15],"product_tag":[],"class_list":{"0":"post-6031","1":"product","2":"type-product","3":"status-publish","4":"has-post-thumbnail","6":"product_cat-mineralien","8":"first","9":"outofstock","10":"sold-individually","11":"product-type-simple"},"acf":[],"_links":{"self":[{"href":"https:\/\/westgem.shop\/fr\/wp-json\/wp\/v2\/product\/6031","targetHints":{"allow":["GET"]}}],"collection":[{"href":"https:\/\/westgem.shop\/fr\/wp-json\/wp\/v2\/product"}],"about":[{"href":"https:\/\/westgem.shop\/fr\/wp-json\/wp\/v2\/types\/product"}],"wp:featuredmedia":[{"embeddable":true,"href":"https:\/\/westgem.shop\/fr\/wp-json\/wp\/v2\/media\/6032"}],"wp:attachment":[{"href":"https:\/\/westgem.shop\/fr\/wp-json\/wp\/v2\/media?parent=6031"}],"wp:term":[{"taxonomy":"region","embeddable":true,"href":"https:\/\/westgem.shop\/fr\/wp-json\/wp\/v2\/region?post=6031"},{"taxonomy":"product_brand","embeddable":true,"href":"https:\/\/westgem.shop\/fr\/wp-json\/wp\/v2\/product_brand?post=6031"},{"taxonomy":"product_cat","embeddable":true,"href":"https:\/\/westgem.shop\/fr\/wp-json\/wp\/v2\/product_cat?post=6031"},{"taxonomy":"product_tag","embeddable":true,"href":"https:\/\/westgem.shop\/fr\/wp-json\/wp\/v2\/product_tag?post=6031"}],"curies":[{"name":"wp","href":"https:\/\/api.w.org\/{rel}","templated":true}]}}