{"id":6036,"date":"2002-12-17T00:00:00","date_gmt":"2002-12-17T00:00:00","guid":{"rendered":"https:\/\/miners.rocks\/product\/wulfenit-xx-bleiberg-3\/"},"modified":"2020-05-19T17:05:31","modified_gmt":"2020-05-19T17:05:31","slug":"wulfenit-xx-montagne-de-plomb-3","status":"publish","type":"product","link":"https:\/\/westgem.shop\/fr\/produit\/wulfenit-xx-montagne-de-plomb-3\/","title":{"rendered":"WULFENIT xx - BLEIBERG"},"content":{"rendered":"<p>\n\t<u>R\u00c9SERV\u00c9 !<\/u><\/p>\n<p>\n\tTOPRARIT\u00c9 !<\/p>\n<p>\n\tDe la localit\u00e9 type BLEIBERG\/KREUTH<\/p>\n<p>\n\tUn fin niveau de WULFENIT de la mine STEFANIE - BLEIBERGER Bergbaurevier.<\/p>\n<p>\n\tBeaux cristaux de WULFENIT orange, non endommag\u00e9s, sur calcaire de m\u00e9t\u00e9orite.<\/p>\n<p>\n\tPi\u00e8ce de l'ANCIENNE COLLECTION. !<\/p>\n<p>\n\tPoids : 260 g Dimensions : 9 x 7 x 4 cm<\/p><\/p>","protected":false},"excerpt":{"rendered":"<p>RESERVE ! TOPRARIT\u00c9 ! De la localit\u00e9 type de BLEIBERG\/KREUTH Un fin niveau de WULFENIT de la mine STEFANIE - BLEIBERGER Bergbaurevier. Beaux cristaux de WULFENIT orange intacts sur calcaire de Wettersteink. Pi\u00e8ce provenant d'une ANCIENNE COLLECTION ! Poids : 260 g Dimensions : 9 x 7 x 4 cm<\/p>","protected":false},"featured_media":6037,"template":"","meta":{"_acf_changed":false},"region":[],"product_brand":[],"product_cat":[15],"product_tag":[],"class_list":{"0":"post-6036","1":"product","2":"type-product","3":"status-publish","4":"has-post-thumbnail","6":"product_cat-mineralien","8":"first","9":"outofstock","10":"sold-individually","11":"product-type-simple"},"acf":[],"_links":{"self":[{"href":"https:\/\/westgem.shop\/fr\/wp-json\/wp\/v2\/product\/6036","targetHints":{"allow":["GET"]}}],"collection":[{"href":"https:\/\/westgem.shop\/fr\/wp-json\/wp\/v2\/product"}],"about":[{"href":"https:\/\/westgem.shop\/fr\/wp-json\/wp\/v2\/types\/product"}],"wp:featuredmedia":[{"embeddable":true,"href":"https:\/\/westgem.shop\/fr\/wp-json\/wp\/v2\/media\/6037"}],"wp:attachment":[{"href":"https:\/\/westgem.shop\/fr\/wp-json\/wp\/v2\/media?parent=6036"}],"wp:term":[{"taxonomy":"region","embeddable":true,"href":"https:\/\/westgem.shop\/fr\/wp-json\/wp\/v2\/region?post=6036"},{"taxonomy":"product_brand","embeddable":true,"href":"https:\/\/westgem.shop\/fr\/wp-json\/wp\/v2\/product_brand?post=6036"},{"taxonomy":"product_cat","embeddable":true,"href":"https:\/\/westgem.shop\/fr\/wp-json\/wp\/v2\/product_cat?post=6036"},{"taxonomy":"product_tag","embeddable":true,"href":"https:\/\/westgem.shop\/fr\/wp-json\/wp\/v2\/product_tag?post=6036"}],"curies":[{"name":"wp","href":"https:\/\/api.w.org\/{rel}","templated":true}]}}