{"id":6041,"date":"2002-12-18T00:00:00","date_gmt":"2002-12-18T00:00:00","guid":{"rendered":"https:\/\/miners.rocks\/product\/hochalpin-bergkristall-xx-2\/"},"modified":"2020-05-19T17:05:31","modified_gmt":"2020-05-19T17:05:31","slug":"cristal-de-roche-de-haute-montagne-xx-2","status":"publish","type":"product","link":"https:\/\/westgem.shop\/fr\/produit\/cristal-de-roche-de-haute-montagne-xx-2\/","title":{"rendered":"HOCHALPIN CRISTAL DE MONTAGNE xx"},"content":{"rendered":"<p>SUPER HAUTE ALPIN CRISTAL DE MONTAGNE Niveau<\/p>\n<p>FANTASTIQUE structure - sur la matrice de quartz alpin avec peu de LIMONITE au dos, se trouve un excellent gros cristal comme un clocher d'\u00e9glise.<\/p>\n<p>Clair comme de l'eau et brillant avec des surfaces terminales non endommag\u00e9es.<\/p>\n<p>De telles RARIT\u00c9S ALPINES ne sont PAS disponibles dans les magasins normaux !<\/p>\n<p>De l'un des sites de cristaux les plus c\u00e9l\u00e8bres des HAUTES TAURES<\/p>\n<p>HOCHARN ( 3.254 m) - K\u00e4LBERGRAT<\/p>\n<p>De la collection M. D\u00f6pper<\/p>\n<p>Poids de la marche:620 g Dimensions : 14 x 7 cm Le quartz CRISTAL mesure 8 cm de haut !<\/p>","protected":false},"excerpt":{"rendered":"<p>SUPER HAUT CRISTAL DE MONTAGNE \u00c9tape TOL\u00c9RANTE Structure - sur la matrice de quartz alpin avec peu de LIMONITE \u00e0 l'arri\u00e8re se trouve un excellent gros cristal comme un clocher. Clair comme de l'eau et brillant avec des faces terminales intactes. De telles RARIT\u00c9S ALPINES ne sont PAS disponibles dans les magasins normaux ! De l'un des plus c\u00e9l\u00e8bres sites de cristaux dans les HOHEN TAUERN HOCHARN ( 3.254 m) [...].<\/p>","protected":false},"featured_media":6042,"template":"","meta":{"_acf_changed":false},"region":[],"product_brand":[],"product_cat":[15],"product_tag":[],"class_list":{"0":"post-6041","1":"product","2":"type-product","3":"status-publish","4":"has-post-thumbnail","6":"product_cat-mineralien","8":"first","9":"outofstock","10":"sold-individually","11":"product-type-simple"},"acf":[],"_links":{"self":[{"href":"https:\/\/westgem.shop\/fr\/wp-json\/wp\/v2\/product\/6041","targetHints":{"allow":["GET"]}}],"collection":[{"href":"https:\/\/westgem.shop\/fr\/wp-json\/wp\/v2\/product"}],"about":[{"href":"https:\/\/westgem.shop\/fr\/wp-json\/wp\/v2\/types\/product"}],"wp:featuredmedia":[{"embeddable":true,"href":"https:\/\/westgem.shop\/fr\/wp-json\/wp\/v2\/media\/6042"}],"wp:attachment":[{"href":"https:\/\/westgem.shop\/fr\/wp-json\/wp\/v2\/media?parent=6041"}],"wp:term":[{"taxonomy":"region","embeddable":true,"href":"https:\/\/westgem.shop\/fr\/wp-json\/wp\/v2\/region?post=6041"},{"taxonomy":"product_brand","embeddable":true,"href":"https:\/\/westgem.shop\/fr\/wp-json\/wp\/v2\/product_brand?post=6041"},{"taxonomy":"product_cat","embeddable":true,"href":"https:\/\/westgem.shop\/fr\/wp-json\/wp\/v2\/product_cat?post=6041"},{"taxonomy":"product_tag","embeddable":true,"href":"https:\/\/westgem.shop\/fr\/wp-json\/wp\/v2\/product_tag?post=6041"}],"curies":[{"name":"wp","href":"https:\/\/api.w.org\/{rel}","templated":true}]}}