{"id":6047,"date":"2002-12-19T00:00:00","date_gmt":"2002-12-19T00:00:00","guid":{"rendered":"https:\/\/miners.rocks\/product\/fluorit-xx-freiberg-sachsen\/"},"modified":"2020-05-19T17:05:32","modified_gmt":"2020-05-19T17:05:32","slug":"fluorite-xx-freiberg-sachsen","status":"publish","type":"product","link":"https:\/\/westgem.shop\/fr\/produit\/fluorite-xx-freiberg-sachsen\/","title":{"rendered":"FLUORIT xx - FRIBERG\/SACHSEN"},"content":{"rendered":"<p><u>Ancienne d\u00e9couverte de 1949<\/u><\/p>\n<p>Marchepied sp\u00e9cial en FLUORITE de HOLZBR\u00dcCKE - FREIBERG - ERZGEBIRGE anciennement RDA.<\/p>\n<p>Cristaux de FLUORITE cubiques, l\u00e9g\u00e8rement bleut\u00e9s, sur matrice.<\/p>\n<p>De la collection ancienne !<\/p>\n<p>Poids : 300 g Dimensions : 9 x 5 x 5 cm<\/p>\n<p>La coloration rouge de la matrice est malheureusement due \u00e0 un dysfonctionnement de l'appareil. La couleur d'origine est le blanc jaun\u00e2tre.<\/p>","protected":false},"excerpt":{"rendered":"<p>Ancienne d\u00e9couverte de 1949 Niveau sp\u00e9cial en FLUORITE provenant de HOLZBR\u00dcCKE - FREIBERG - ERZGEBIRGE anciennement RDA. Cristaux de FLUORITE cubiques, l\u00e9g\u00e8rement bleut\u00e9s, sur matrice. De collection ancienne ! Poids : 300 g Dimensions : 9 x 5 x 5 cm La coloration rouge de la matrice est malheureusement due \u00e0 un dysfonctionnement de l'appareil. La couleur originale est blanc jaun\u00e2tre.<\/p>","protected":false},"featured_media":6048,"template":"","meta":{"_acf_changed":false},"region":[],"product_brand":[],"product_cat":[15],"product_tag":[],"class_list":{"0":"post-6047","1":"product","2":"type-product","3":"status-publish","4":"has-post-thumbnail","6":"product_cat-mineralien","8":"first","9":"outofstock","10":"sold-individually","11":"product-type-simple"},"acf":[],"_links":{"self":[{"href":"https:\/\/westgem.shop\/fr\/wp-json\/wp\/v2\/product\/6047","targetHints":{"allow":["GET"]}}],"collection":[{"href":"https:\/\/westgem.shop\/fr\/wp-json\/wp\/v2\/product"}],"about":[{"href":"https:\/\/westgem.shop\/fr\/wp-json\/wp\/v2\/types\/product"}],"wp:featuredmedia":[{"embeddable":true,"href":"https:\/\/westgem.shop\/fr\/wp-json\/wp\/v2\/media\/6048"}],"wp:attachment":[{"href":"https:\/\/westgem.shop\/fr\/wp-json\/wp\/v2\/media?parent=6047"}],"wp:term":[{"taxonomy":"region","embeddable":true,"href":"https:\/\/westgem.shop\/fr\/wp-json\/wp\/v2\/region?post=6047"},{"taxonomy":"product_brand","embeddable":true,"href":"https:\/\/westgem.shop\/fr\/wp-json\/wp\/v2\/product_brand?post=6047"},{"taxonomy":"product_cat","embeddable":true,"href":"https:\/\/westgem.shop\/fr\/wp-json\/wp\/v2\/product_cat?post=6047"},{"taxonomy":"product_tag","embeddable":true,"href":"https:\/\/westgem.shop\/fr\/wp-json\/wp\/v2\/product_tag?post=6047"}],"curies":[{"name":"wp","href":"https:\/\/api.w.org\/{rel}","templated":true}]}}