{"id":6051,"date":"2002-12-20T00:00:00","date_gmt":"2002-12-20T00:00:00","guid":{"rendered":"https:\/\/miners.rocks\/product\/ilvait-xx-serifos\/"},"modified":"2020-05-19T17:05:33","modified_gmt":"2020-05-19T17:05:33","slug":"ilvait-xx-serifos","status":"publish","type":"product","link":"https:\/\/westgem.shop\/fr\/produit\/ilvait-xx-serifos\/","title":{"rendered":"ILVAIT xx - SERIFOS"},"content":{"rendered":"<p>L'ILVAIT est un min\u00e9ral du groupe des SILICATES\/GERMANATES<\/p>\n<p>Agr\u00e9gats de cristaux noirs brillants \u00e0 rayons radiaux avec ENDFLACES<\/p>\n<p>RARES \u00e0 voir - ces belles ILVAITE proviennent de SERIFOS - GR\u00c8CE et sont issues d'une ancienne collection.<\/p>\n<p>Poids : 143 g Dimensions : 7,5 cm de haut<\/p>\n<p>La 1\u00e8re marche est mont\u00e9e sur un socle PLEXI afin qu'elle puisse tenir debout.<\/p>","protected":false},"excerpt":{"rendered":"<p>L'ILVAITE est un min\u00e9ral du groupe des SILICATES\/GERMANATES Des agr\u00e9gats de cristaux noirs brillants \u00e0 rayons radiaux avec des surfaces END Rarement vus - ces belles ILVAITES proviennent de SERIFOS - GR\u00c8CE et sont issues d'une ancienne collection. Poids : 143 g Dimensions : 7,5 cm de haut La marche est mont\u00e9e sur un socle PLEXI afin de pouvoir tenir debout.<\/p>","protected":false},"featured_media":6052,"template":"","meta":{"_acf_changed":false},"region":[],"product_brand":[],"product_cat":[15],"product_tag":[],"class_list":{"0":"post-6051","1":"product","2":"type-product","3":"status-publish","4":"has-post-thumbnail","6":"product_cat-mineralien","8":"first","9":"outofstock","10":"sold-individually","11":"product-type-simple"},"acf":[],"_links":{"self":[{"href":"https:\/\/westgem.shop\/fr\/wp-json\/wp\/v2\/product\/6051","targetHints":{"allow":["GET"]}}],"collection":[{"href":"https:\/\/westgem.shop\/fr\/wp-json\/wp\/v2\/product"}],"about":[{"href":"https:\/\/westgem.shop\/fr\/wp-json\/wp\/v2\/types\/product"}],"wp:featuredmedia":[{"embeddable":true,"href":"https:\/\/westgem.shop\/fr\/wp-json\/wp\/v2\/media\/6052"}],"wp:attachment":[{"href":"https:\/\/westgem.shop\/fr\/wp-json\/wp\/v2\/media?parent=6051"}],"wp:term":[{"taxonomy":"region","embeddable":true,"href":"https:\/\/westgem.shop\/fr\/wp-json\/wp\/v2\/region?post=6051"},{"taxonomy":"product_brand","embeddable":true,"href":"https:\/\/westgem.shop\/fr\/wp-json\/wp\/v2\/product_brand?post=6051"},{"taxonomy":"product_cat","embeddable":true,"href":"https:\/\/westgem.shop\/fr\/wp-json\/wp\/v2\/product_cat?post=6051"},{"taxonomy":"product_tag","embeddable":true,"href":"https:\/\/westgem.shop\/fr\/wp-json\/wp\/v2\/product_tag?post=6051"}],"curies":[{"name":"wp","href":"https:\/\/api.w.org\/{rel}","templated":true}]}}