{"id":6056,"date":"2002-12-21T00:00:00","date_gmt":"2002-12-21T00:00:00","guid":{"rendered":"https:\/\/miners.rocks\/product\/bergkristall-xx-frankreich\/"},"modified":"2020-05-19T17:05:33","modified_gmt":"2020-05-19T17:05:33","slug":"cristal-de-roche-xx-france","status":"publish","type":"product","link":"https:\/\/westgem.shop\/fr\/produit\/cristal-de-roche-xx-france\/","title":{"rendered":"CRISTAL DE MONTAGNE xx - FRANCE"},"content":{"rendered":"<p>Niveau tr\u00e8s int\u00e9ressant de CRISTAL DE MONTAGNE.<\/p>\n<p>La matrice de quartz est surmont\u00e9e d'une grappe d'ENDERS DOUBLES.<\/p>\n<p>Transparent, clair avec de nombreux xx, surfaces terminales non endommag\u00e9es.<\/p>\n<p>Lieu de d\u00e9couverte : BOURG d' OISANE - DAUPHINEE<\/p>\n<p>FRANCE<\/p>\n<p>Poids : 250 g Dimensions : 8,5 x 8 x 6 cm<\/p>","protected":false},"excerpt":{"rendered":"<p>Un niveau en CRISTAL DE MONTAGNE tr\u00e8s int\u00e9ressant. La matrice de quartz est couronn\u00e9e d'une grappe de DOUBLES ENDERS. Transparent, clair avec de nombreux xx, surfaces terminales intactes. Lieu de d\u00e9couverte : BOURG d' OISANE - DAUPHINEE FRANCE Poids : 250 g Dimensions : 8,5 x 8 x 6 cm<\/p>","protected":false},"featured_media":6057,"template":"","meta":{"_acf_changed":false},"region":[],"product_brand":[],"product_cat":[15],"product_tag":[],"class_list":{"0":"post-6056","1":"product","2":"type-product","3":"status-publish","4":"has-post-thumbnail","6":"product_cat-mineralien","8":"first","9":"outofstock","10":"sold-individually","11":"product-type-simple"},"acf":[],"_links":{"self":[{"href":"https:\/\/westgem.shop\/fr\/wp-json\/wp\/v2\/product\/6056","targetHints":{"allow":["GET"]}}],"collection":[{"href":"https:\/\/westgem.shop\/fr\/wp-json\/wp\/v2\/product"}],"about":[{"href":"https:\/\/westgem.shop\/fr\/wp-json\/wp\/v2\/types\/product"}],"wp:featuredmedia":[{"embeddable":true,"href":"https:\/\/westgem.shop\/fr\/wp-json\/wp\/v2\/media\/6057"}],"wp:attachment":[{"href":"https:\/\/westgem.shop\/fr\/wp-json\/wp\/v2\/media?parent=6056"}],"wp:term":[{"taxonomy":"region","embeddable":true,"href":"https:\/\/westgem.shop\/fr\/wp-json\/wp\/v2\/region?post=6056"},{"taxonomy":"product_brand","embeddable":true,"href":"https:\/\/westgem.shop\/fr\/wp-json\/wp\/v2\/product_brand?post=6056"},{"taxonomy":"product_cat","embeddable":true,"href":"https:\/\/westgem.shop\/fr\/wp-json\/wp\/v2\/product_cat?post=6056"},{"taxonomy":"product_tag","embeddable":true,"href":"https:\/\/westgem.shop\/fr\/wp-json\/wp\/v2\/product_tag?post=6056"}],"curies":[{"name":"wp","href":"https:\/\/api.w.org\/{rel}","templated":true}]}}