{"id":6066,"date":"2002-12-23T00:00:00","date_gmt":"2002-12-23T00:00:00","guid":{"rendered":"https:\/\/miners.rocks\/product\/hochalpin-kristall-stufe\/"},"modified":"2020-05-19T17:05:34","modified_gmt":"2020-05-19T17:05:34","slug":"haute-montagne-niveau-cristal","status":"publish","type":"product","link":"https:\/\/westgem.shop\/fr\/produit\/haute-montagne-niveau-cristal\/","title":{"rendered":"HOCHALPIN Cristal Marche"},"content":{"rendered":"<p>Niveau de cristal 'HOCHALPIN' de premi\u00e8re classe<\/p>\n<p>CALCIT xx - ADULAR xx CHLORIT xx<\/p>\n<p>localisation de la trouvaille : SCHWARZKOPF - ANKOGEL GRUPPE<\/p>\n<p>HOHE TAUERN - Carinthie<\/p>\n<p>Beaucoup de cristaux de CALCITE scal\u00e8ne tr\u00e8s brillants - malheureusement, l'\u00e9clat global de la marche ne peut pas \u00eatre reproduit par la photographie. ALSO encore plus beau en nature !<\/p>\n<p>Poids<u>2,1 kilogrammes<\/u>   Dimensions : <u>20 x 14 x 10 cm<\/u><\/p>\n<p>La derni\u00e8re photo montre les marches du bas<\/p>","protected":false},"excerpt":{"rendered":"<p>CALCITE xx - ADULAR xx CHLORITE xx Trouv\u00e9 \u00e0 SCHWARZKOPF - ANKOGEL GRUPPE HOHE TAUERN - Carinthie Tr\u00e8s nombreux cristaux de CALCITE scal\u00e9no\u00e8dres tr\u00e8s brillants - malheureusement, l'\u00e9clat global du niveau ne peut pas \u00eatre rendu par la photo. ALSO encore plus beau en nature ! Poids : 2,1 kilogrammes Dimensions : 20 x 14 x 10 cm La derni\u00e8re photo [...]<\/p>","protected":false},"featured_media":6067,"template":"","meta":{"_acf_changed":false},"region":[],"product_brand":[],"product_cat":[15],"product_tag":[],"class_list":{"0":"post-6066","1":"product","2":"type-product","3":"status-publish","4":"has-post-thumbnail","6":"product_cat-mineralien","8":"first","9":"outofstock","10":"sold-individually","11":"product-type-simple"},"acf":[],"_links":{"self":[{"href":"https:\/\/westgem.shop\/fr\/wp-json\/wp\/v2\/product\/6066","targetHints":{"allow":["GET"]}}],"collection":[{"href":"https:\/\/westgem.shop\/fr\/wp-json\/wp\/v2\/product"}],"about":[{"href":"https:\/\/westgem.shop\/fr\/wp-json\/wp\/v2\/types\/product"}],"wp:featuredmedia":[{"embeddable":true,"href":"https:\/\/westgem.shop\/fr\/wp-json\/wp\/v2\/media\/6067"}],"wp:attachment":[{"href":"https:\/\/westgem.shop\/fr\/wp-json\/wp\/v2\/media?parent=6066"}],"wp:term":[{"taxonomy":"region","embeddable":true,"href":"https:\/\/westgem.shop\/fr\/wp-json\/wp\/v2\/region?post=6066"},{"taxonomy":"product_brand","embeddable":true,"href":"https:\/\/westgem.shop\/fr\/wp-json\/wp\/v2\/product_brand?post=6066"},{"taxonomy":"product_cat","embeddable":true,"href":"https:\/\/westgem.shop\/fr\/wp-json\/wp\/v2\/product_cat?post=6066"},{"taxonomy":"product_tag","embeddable":true,"href":"https:\/\/westgem.shop\/fr\/wp-json\/wp\/v2\/product_tag?post=6066"}],"curies":[{"name":"wp","href":"https:\/\/api.w.org\/{rel}","templated":true}]}}