{"id":607,"date":"2000-03-20T00:00:00","date_gmt":"2000-03-20T00:00:00","guid":{"rendered":"https:\/\/miners.rocks\/product\/131\/"},"modified":"2020-05-19T16:55:47","modified_gmt":"2020-05-19T16:55:47","slug":"uruguay-plaque-dachat-xxl","status":"publish","type":"product","link":"https:\/\/westgem.shop\/fr\/produit\/uruguay-plaque-dachat-xxl\/","title":{"rendered":"Uruguay Plaque ACHAT XXL"},"content":{"rendered":"<p>Belle et mystique en r\u00e9tro\u00e9clairage. . Superbe pi\u00e8ce de d\u00e9coration pour les \u00e9tag\u00e8res de salon ou les vitrines. Tr\u00e8s grand disque ACHAT, couleur naturelle, poli des deux c\u00f4t\u00e9s. La mati\u00e8re premi\u00e8re a \u00e9t\u00e9 trouv\u00e9e \u00e0 Artigas en Uruguay.<\/p>\n<p>Poids : 1,2 kilogramme Dimensions : 40 x 13,5 x0,8 cm<\/p>\n<p> La photo 3 montre la plaque en lumi\u00e8re normale.<\/p>","protected":false},"excerpt":{"rendered":"<p>Belle et mystique en r\u00e9tro\u00e9clairage. . Superbe pi\u00e8ce de d\u00e9coration pour les \u00e9tag\u00e8res de salon ou les vitrines. Tr\u00e8s grand disque ACHAT, couleur naturelle, poli des deux c\u00f4t\u00e9s. La mati\u00e8re premi\u00e8re a \u00e9t\u00e9 trouv\u00e9e \u00e0 Artigas en Uruguay. Poids : 1,2 kilogramme Dimensions : 40 x 13,5 x0,8 cm La photo 3 montre le disque en lumi\u00e8re normale.<\/p>","protected":false},"featured_media":608,"template":"","meta":{"_acf_changed":false},"region":[],"product_brand":[],"product_cat":[15],"product_tag":[],"class_list":{"0":"post-607","1":"product","2":"type-product","3":"status-publish","4":"has-post-thumbnail","6":"product_cat-mineralien","8":"first","9":"outofstock","10":"sold-individually","11":"product-type-simple"},"acf":[],"_links":{"self":[{"href":"https:\/\/westgem.shop\/fr\/wp-json\/wp\/v2\/product\/607","targetHints":{"allow":["GET"]}}],"collection":[{"href":"https:\/\/westgem.shop\/fr\/wp-json\/wp\/v2\/product"}],"about":[{"href":"https:\/\/westgem.shop\/fr\/wp-json\/wp\/v2\/types\/product"}],"wp:featuredmedia":[{"embeddable":true,"href":"https:\/\/westgem.shop\/fr\/wp-json\/wp\/v2\/media\/608"}],"wp:attachment":[{"href":"https:\/\/westgem.shop\/fr\/wp-json\/wp\/v2\/media?parent=607"}],"wp:term":[{"taxonomy":"region","embeddable":true,"href":"https:\/\/westgem.shop\/fr\/wp-json\/wp\/v2\/region?post=607"},{"taxonomy":"product_brand","embeddable":true,"href":"https:\/\/westgem.shop\/fr\/wp-json\/wp\/v2\/product_brand?post=607"},{"taxonomy":"product_cat","embeddable":true,"href":"https:\/\/westgem.shop\/fr\/wp-json\/wp\/v2\/product_cat?post=607"},{"taxonomy":"product_tag","embeddable":true,"href":"https:\/\/westgem.shop\/fr\/wp-json\/wp\/v2\/product_tag?post=607"}],"curies":[{"name":"wp","href":"https:\/\/api.w.org\/{rel}","templated":true}]}}