{"id":6072,"date":"2002-12-24T00:00:00","date_gmt":"2002-12-24T00:00:00","guid":{"rendered":"https:\/\/miners.rocks\/product\/pyrit-haematitxx-elba\/"},"modified":"2020-05-19T17:05:35","modified_gmt":"2020-05-19T17:05:35","slug":"pyrite-haematitxx-elba","status":"publish","type":"product","link":"https:\/\/westgem.shop\/fr\/produit\/pyrite-haematitxx-elba\/","title":{"rendered":"PYRIT\/H\u00c4MATITxx - ELBA"},"content":{"rendered":"<p>UNE MARCHE ELBA DE PREMI\u00c8RE CLASSE !<\/p>\n<p>Magnifiques cristaux PYRIT brillants sur h\u00e9matite d'un noir profond<\/p>\n<p>localisation de la trouvaille : Rio Marinas - \u00eele d'ELBA - ITALIE<\/p>\n<p>Poids : 0,9 kilogramme Dimensions : 14 x 9 x 7 cm<\/p>","protected":false},"excerpt":{"rendered":"<p>NIVEAU ELBA DE PREMI\u00c8RE QUALIT\u00c9 ! Magnifiques cristaux de PYRITE brillants sur h\u00e9matite d'un noir profond Lieu de d\u00e9couverte : Rio Marinas - \u00eele d'ELBA - ITALIE Poids : 0,9 kilogramme Dimensions : 14 x 9 x 7 cm<\/p>","protected":false},"featured_media":6073,"template":"","meta":{"_acf_changed":false},"region":[],"product_brand":[],"product_cat":[15],"product_tag":[],"class_list":{"0":"post-6072","1":"product","2":"type-product","3":"status-publish","4":"has-post-thumbnail","6":"product_cat-mineralien","8":"first","9":"outofstock","10":"sold-individually","11":"product-type-simple"},"acf":[],"_links":{"self":[{"href":"https:\/\/westgem.shop\/fr\/wp-json\/wp\/v2\/product\/6072","targetHints":{"allow":["GET"]}}],"collection":[{"href":"https:\/\/westgem.shop\/fr\/wp-json\/wp\/v2\/product"}],"about":[{"href":"https:\/\/westgem.shop\/fr\/wp-json\/wp\/v2\/types\/product"}],"wp:featuredmedia":[{"embeddable":true,"href":"https:\/\/westgem.shop\/fr\/wp-json\/wp\/v2\/media\/6073"}],"wp:attachment":[{"href":"https:\/\/westgem.shop\/fr\/wp-json\/wp\/v2\/media?parent=6072"}],"wp:term":[{"taxonomy":"region","embeddable":true,"href":"https:\/\/westgem.shop\/fr\/wp-json\/wp\/v2\/region?post=6072"},{"taxonomy":"product_brand","embeddable":true,"href":"https:\/\/westgem.shop\/fr\/wp-json\/wp\/v2\/product_brand?post=6072"},{"taxonomy":"product_cat","embeddable":true,"href":"https:\/\/westgem.shop\/fr\/wp-json\/wp\/v2\/product_cat?post=6072"},{"taxonomy":"product_tag","embeddable":true,"href":"https:\/\/westgem.shop\/fr\/wp-json\/wp\/v2\/product_tag?post=6072"}],"curies":[{"name":"wp","href":"https:\/\/api.w.org\/{rel}","templated":true}]}}