{"id":6078,"date":"2002-12-25T00:00:00","date_gmt":"2002-12-25T00:00:00","guid":{"rendered":"https:\/\/miners.rocks\/product\/pyrit-xx-auf-haematit-xx\/"},"modified":"2020-05-19T17:05:36","modified_gmt":"2020-05-19T17:05:36","slug":"pyrite-xx-sur-hematite-xx","status":"publish","type":"product","link":"https:\/\/westgem.shop\/fr\/produit\/pyrite-xx-sur-hematite-xx\/","title":{"rendered":"PYRIT xx sur H\u00c4MATIT xx"},"content":{"rendered":"<p>Marche typique de l'\u00eele d'ELBA.<\/p>\n<p>Des cristaux PYRIT dor\u00e9s brillants sont pos\u00e9s sur de l'h\u00e9matite noire.<\/p>\n<p>RIO MARINAS - \u00cele d'ELBA - ITALIE<\/p>\n<p>Poids : 1,4 kilogramme Dimensions : 12 x 12 x 7 cm<\/p>","protected":false},"excerpt":{"rendered":"<p>Marche typique de l'\u00eele d'ELBA. Des cristaux de PYRITE dor\u00e9s sont pos\u00e9s sur de l'h\u00e9matite noire RIO MARINAS - \u00cele d'ELBA - ITALIE Poids : 1,4 kilogramme Dimensions : 12 x 12 x 7 cm<\/p>","protected":false},"featured_media":6079,"template":"","meta":{"_acf_changed":false},"region":[],"product_brand":[],"product_cat":[15],"product_tag":[],"class_list":{"0":"post-6078","1":"product","2":"type-product","3":"status-publish","4":"has-post-thumbnail","6":"product_cat-mineralien","8":"first","9":"outofstock","10":"sold-individually","11":"product-type-simple"},"acf":[],"_links":{"self":[{"href":"https:\/\/westgem.shop\/fr\/wp-json\/wp\/v2\/product\/6078","targetHints":{"allow":["GET"]}}],"collection":[{"href":"https:\/\/westgem.shop\/fr\/wp-json\/wp\/v2\/product"}],"about":[{"href":"https:\/\/westgem.shop\/fr\/wp-json\/wp\/v2\/types\/product"}],"wp:featuredmedia":[{"embeddable":true,"href":"https:\/\/westgem.shop\/fr\/wp-json\/wp\/v2\/media\/6079"}],"wp:attachment":[{"href":"https:\/\/westgem.shop\/fr\/wp-json\/wp\/v2\/media?parent=6078"}],"wp:term":[{"taxonomy":"region","embeddable":true,"href":"https:\/\/westgem.shop\/fr\/wp-json\/wp\/v2\/region?post=6078"},{"taxonomy":"product_brand","embeddable":true,"href":"https:\/\/westgem.shop\/fr\/wp-json\/wp\/v2\/product_brand?post=6078"},{"taxonomy":"product_cat","embeddable":true,"href":"https:\/\/westgem.shop\/fr\/wp-json\/wp\/v2\/product_cat?post=6078"},{"taxonomy":"product_tag","embeddable":true,"href":"https:\/\/westgem.shop\/fr\/wp-json\/wp\/v2\/product_tag?post=6078"}],"curies":[{"name":"wp","href":"https:\/\/api.w.org\/{rel}","templated":true}]}}