{"id":6084,"date":"2002-12-26T00:00:00","date_gmt":"2002-12-26T00:00:00","guid":{"rendered":"https:\/\/miners.rocks\/product\/antimonit-xx\/"},"modified":"2020-05-19T17:05:37","modified_gmt":"2020-05-19T17:05:37","slug":"antimonite-xx","status":"publish","type":"product","link":"https:\/\/westgem.shop\/fr\/produit\/antimonite-xx\/","title":{"rendered":"ANTIMONITE xx"},"content":{"rendered":"<p><u>R\u00c9SERV\u00c9: !<\/u><\/p>\n<p>Tr\u00e8s belle marche ANTIMONITE - difficile \u00e0 trouver dans une telle qualit\u00e9.<\/p>\n<p>ANTIMONITE xx - PIRE GRIS - ANTIMONITE - STIBNITE<\/p>\n<p>cristaux aciculaires tr\u00e8s brillants sur minerai massif d'antimoine.<\/p>\n<p>De l'ancienne mine d'antimoine de SCHLAINING - BOURGOGNE<\/p>\n<p>Poids : 1,2 kilogramme Dimensions : 22 x 9 x 4 cm<\/p>","protected":false},"excerpt":{"rendered":"<p>R\u00c9SERV\u00c9: ! Tr\u00e8s beau niveau d'ANTIMONITE - difficile \u00e0 trouver dans une telle qualit\u00e9. ANTIMONIT xx - GRAUSPIESGLANZ - ANTIMONGLANZ - STIBNIT cristaux aciculaires tr\u00e8s brillants sur minerai d'antimonite massif. De l'ancienne mine d'antimoine de SCHLAINING - BURGENLAND Poids : 1,2 kilogramme Dimensions : 22 x 9 x 4 cm<\/p>","protected":false},"featured_media":6085,"template":"","meta":{"_acf_changed":false},"region":[],"product_brand":[],"product_cat":[15],"product_tag":[],"class_list":{"0":"post-6084","1":"product","2":"type-product","3":"status-publish","4":"has-post-thumbnail","6":"product_cat-mineralien","8":"first","9":"outofstock","10":"sold-individually","11":"product-type-simple"},"acf":[],"_links":{"self":[{"href":"https:\/\/westgem.shop\/fr\/wp-json\/wp\/v2\/product\/6084","targetHints":{"allow":["GET"]}}],"collection":[{"href":"https:\/\/westgem.shop\/fr\/wp-json\/wp\/v2\/product"}],"about":[{"href":"https:\/\/westgem.shop\/fr\/wp-json\/wp\/v2\/types\/product"}],"wp:featuredmedia":[{"embeddable":true,"href":"https:\/\/westgem.shop\/fr\/wp-json\/wp\/v2\/media\/6085"}],"wp:attachment":[{"href":"https:\/\/westgem.shop\/fr\/wp-json\/wp\/v2\/media?parent=6084"}],"wp:term":[{"taxonomy":"region","embeddable":true,"href":"https:\/\/westgem.shop\/fr\/wp-json\/wp\/v2\/region?post=6084"},{"taxonomy":"product_brand","embeddable":true,"href":"https:\/\/westgem.shop\/fr\/wp-json\/wp\/v2\/product_brand?post=6084"},{"taxonomy":"product_cat","embeddable":true,"href":"https:\/\/westgem.shop\/fr\/wp-json\/wp\/v2\/product_cat?post=6084"},{"taxonomy":"product_tag","embeddable":true,"href":"https:\/\/westgem.shop\/fr\/wp-json\/wp\/v2\/product_tag?post=6084"}],"curies":[{"name":"wp","href":"https:\/\/api.w.org\/{rel}","templated":true}]}}