{"id":6098,"date":"2002-12-28T00:00:00","date_gmt":"2002-12-28T00:00:00","guid":{"rendered":"https:\/\/miners.rocks\/product\/gips-var-selenit-xx-spanien\/"},"modified":"2020-05-19T17:05:39","modified_gmt":"2020-05-19T17:05:39","slug":"gypse-var-selenite-xx-espagne","status":"publish","type":"product","link":"https:\/\/westgem.shop\/fr\/produit\/gypse-var-selenite-xx-espagne\/","title":{"rendered":"GIPS-Var. SELENIT xx - ESPAGNE"},"content":{"rendered":"<p>Tr\u00e8s belle marche manuelle<\/p>\n<p>GIPSKRISTALLE de la vari\u00e9t\u00e9 SELENIT xx avec les faces terminales typiques en \"queue d'aronde\".<\/p>\n<p>Lieu de d\u00e9couverte : FUENTE de EBRO en ESPAGNE<\/p>\n<p>Poids : 400 g Dimensions : 13 x 11 x 6 cm<\/p>\n<p>La derni\u00e8re image montre les marches du dessous.<\/p>","protected":false},"excerpt":{"rendered":"<p>Tr\u00e8s belle marche manuelle GIPSKRISTALLE de la vari\u00e9t\u00e9 SELENIT xx avec les faces terminales typiques en \"queue d'aronde\" Le lieu de d\u00e9couverte est : FUENTE de EBRO en ESPAGNE Poids : 400 g Dimensions : 13 x 11 x 6 cm La derni\u00e8re photo montre la face inf\u00e9rieure de la marche.<\/p>","protected":false},"featured_media":6099,"template":"","meta":{"_acf_changed":false},"region":[],"product_brand":[],"product_cat":[15],"product_tag":[],"class_list":{"0":"post-6098","1":"product","2":"type-product","3":"status-publish","4":"has-post-thumbnail","6":"product_cat-mineralien","8":"first","9":"outofstock","10":"sold-individually","11":"product-type-simple"},"acf":[],"_links":{"self":[{"href":"https:\/\/westgem.shop\/fr\/wp-json\/wp\/v2\/product\/6098","targetHints":{"allow":["GET"]}}],"collection":[{"href":"https:\/\/westgem.shop\/fr\/wp-json\/wp\/v2\/product"}],"about":[{"href":"https:\/\/westgem.shop\/fr\/wp-json\/wp\/v2\/types\/product"}],"wp:featuredmedia":[{"embeddable":true,"href":"https:\/\/westgem.shop\/fr\/wp-json\/wp\/v2\/media\/6099"}],"wp:attachment":[{"href":"https:\/\/westgem.shop\/fr\/wp-json\/wp\/v2\/media?parent=6098"}],"wp:term":[{"taxonomy":"region","embeddable":true,"href":"https:\/\/westgem.shop\/fr\/wp-json\/wp\/v2\/region?post=6098"},{"taxonomy":"product_brand","embeddable":true,"href":"https:\/\/westgem.shop\/fr\/wp-json\/wp\/v2\/product_brand?post=6098"},{"taxonomy":"product_cat","embeddable":true,"href":"https:\/\/westgem.shop\/fr\/wp-json\/wp\/v2\/product_cat?post=6098"},{"taxonomy":"product_tag","embeddable":true,"href":"https:\/\/westgem.shop\/fr\/wp-json\/wp\/v2\/product_tag?post=6098"}],"curies":[{"name":"wp","href":"https:\/\/api.w.org\/{rel}","templated":true}]}}