{"id":6104,"date":"2002-12-29T00:00:00","date_gmt":"2002-12-29T00:00:00","guid":{"rendered":"https:\/\/miners.rocks\/product\/antimonit-xx-burgenland-2\/"},"modified":"2020-05-19T17:05:40","modified_gmt":"2020-05-19T17:05:40","slug":"antimonite-xx-burgenland-2","status":"publish","type":"product","link":"https:\/\/westgem.shop\/fr\/produit\/antimonite-xx-burgenland-2\/","title":{"rendered":"ANTIMONITE xx - BOURGOGNE"},"content":{"rendered":"<p><u><\/u><\/p>\n<p>De l'ancienne mine ANTIMON en BOURGOGNE<\/p>\n<\/p>\n<p>ANTIMONITE xx sur minerai d'antimonite grossier<\/p>\n<\/p>\n<p>Formation dans les galeries hydrothermales<\/p>\n<\/p>\n<p>Le lieu de d\u00e9couverte ETAIT la mine d'antimoine - Stadtschlaining - pr\u00e8s d'Oberwart<\/p>\n<\/p>\n<p>BOURGOGNE<\/p>\n<p>Il est difficile de trouver de telles pi\u00e8ces dans ce gisement.<\/p>\n<p>Poids::0,46 kg g Dimensions : 10 x 8 x 6 cm<\/p>","protected":false},"excerpt":{"rendered":"<p>De l'ancienne mine d'ANTIMON en BURGENIE ANTIMONITE xx sur minerai d'antimonite \u00e9pais Formation dans des galeries hydrothermales Le lieu de d\u00e9couverte ETAIT la mine d'antimoine - Stadtschlaining - pr\u00e8s d'Oberwart BURGENIE De telles pi\u00e8ces ne sont plus gu\u00e8re disponibles dans ce gisement. Poids::0,46 kg g Dimensions : 10 x 8 x 6 cm<\/p>","protected":false},"featured_media":6105,"template":"","meta":{"_acf_changed":false},"region":[],"product_brand":[],"product_cat":[15],"product_tag":[],"class_list":{"0":"post-6104","1":"product","2":"type-product","3":"status-publish","4":"has-post-thumbnail","6":"product_cat-mineralien","8":"first","9":"outofstock","10":"sold-individually","11":"product-type-simple"},"acf":[],"_links":{"self":[{"href":"https:\/\/westgem.shop\/fr\/wp-json\/wp\/v2\/product\/6104","targetHints":{"allow":["GET"]}}],"collection":[{"href":"https:\/\/westgem.shop\/fr\/wp-json\/wp\/v2\/product"}],"about":[{"href":"https:\/\/westgem.shop\/fr\/wp-json\/wp\/v2\/types\/product"}],"wp:featuredmedia":[{"embeddable":true,"href":"https:\/\/westgem.shop\/fr\/wp-json\/wp\/v2\/media\/6105"}],"wp:attachment":[{"href":"https:\/\/westgem.shop\/fr\/wp-json\/wp\/v2\/media?parent=6104"}],"wp:term":[{"taxonomy":"region","embeddable":true,"href":"https:\/\/westgem.shop\/fr\/wp-json\/wp\/v2\/region?post=6104"},{"taxonomy":"product_brand","embeddable":true,"href":"https:\/\/westgem.shop\/fr\/wp-json\/wp\/v2\/product_brand?post=6104"},{"taxonomy":"product_cat","embeddable":true,"href":"https:\/\/westgem.shop\/fr\/wp-json\/wp\/v2\/product_cat?post=6104"},{"taxonomy":"product_tag","embeddable":true,"href":"https:\/\/westgem.shop\/fr\/wp-json\/wp\/v2\/product_tag?post=6104"}],"curies":[{"name":"wp","href":"https:\/\/api.w.org\/{rel}","templated":true}]}}