{"id":6107,"date":"2002-12-30T00:00:00","date_gmt":"2002-12-30T00:00:00","guid":{"rendered":"https:\/\/miners.rocks\/product\/perfekt-1a-schwefel-xx-sizilien\/"},"modified":"2020-05-19T17:05:40","modified_gmt":"2020-05-19T17:05:40","slug":"parfait-1a-soufre-xx-sicile","status":"publish","type":"product","link":"https:\/\/westgem.shop\/fr\/produit\/parfait-1a-soufre-xx-sicile\/","title":{"rendered":"PERFECT 1A SCHWEFEL xx - SICILE"},"content":{"rendered":"<p>\n\tMarchepied SCHWEFEL de premi\u00e8re qualit\u00e9, parfait, en provenance de SICILE .<\/p>\n<p>\n\t Des pi\u00e8ces d'une telle qualit\u00e9 ne sont normalement PAS disponibles \u00e0 un tel prix !<\/p>\n<p>\n\tTr\u00e8s beaux cristaux SCHWEFEL, aux couleurs intenses et brillantes, sur CALCIT xx blanc neige avec surfaces et DOLOMIT xx<\/p>\n<p>\n\tNIVEAU DE NAVIGATION PARFAIT<\/p>\n<p>\n\tlocalisation de la trouvaille : COZZADISI - AGRIGENT - SICILE<\/p>\n<p>\n\tPoids de la marche : 520 g Dimensions : 17 x 7,5 x 5 cm<\/p>\n<p>\n\tLes photos montrent la marche sous tous les angles, il y a des cristaux partout .<\/p><\/p>","protected":false},"excerpt":{"rendered":"<p>Marchepied SCHWEFEL de premi\u00e8re qualit\u00e9, parfait, en provenance de SICILE . Des pi\u00e8ces d'une telle qualit\u00e9 ne sont normalement PAS disponibles \u00e0 un tel prix ! Tr\u00e8s beaux cristaux SCHWEFEL de couleur intense et brillante sur CALCIT xx blanc neige avec des faces et DOLOMIT xx NIVEAU DE NIVEAUX PARFAITS Localisation : COZZADISI - AGRIGENT - SICILE Poids du niveau : 520 g Dimensions : 17 [...]<\/p>","protected":false},"featured_media":6108,"template":"","meta":{"_acf_changed":false},"region":[],"product_brand":[],"product_cat":[15],"product_tag":[],"class_list":{"0":"post-6107","1":"product","2":"type-product","3":"status-publish","4":"has-post-thumbnail","6":"product_cat-mineralien","8":"first","9":"outofstock","10":"sold-individually","11":"product-type-simple"},"acf":[],"_links":{"self":[{"href":"https:\/\/westgem.shop\/fr\/wp-json\/wp\/v2\/product\/6107","targetHints":{"allow":["GET"]}}],"collection":[{"href":"https:\/\/westgem.shop\/fr\/wp-json\/wp\/v2\/product"}],"about":[{"href":"https:\/\/westgem.shop\/fr\/wp-json\/wp\/v2\/types\/product"}],"wp:featuredmedia":[{"embeddable":true,"href":"https:\/\/westgem.shop\/fr\/wp-json\/wp\/v2\/media\/6108"}],"wp:attachment":[{"href":"https:\/\/westgem.shop\/fr\/wp-json\/wp\/v2\/media?parent=6107"}],"wp:term":[{"taxonomy":"region","embeddable":true,"href":"https:\/\/westgem.shop\/fr\/wp-json\/wp\/v2\/region?post=6107"},{"taxonomy":"product_brand","embeddable":true,"href":"https:\/\/westgem.shop\/fr\/wp-json\/wp\/v2\/product_brand?post=6107"},{"taxonomy":"product_cat","embeddable":true,"href":"https:\/\/westgem.shop\/fr\/wp-json\/wp\/v2\/product_cat?post=6107"},{"taxonomy":"product_tag","embeddable":true,"href":"https:\/\/westgem.shop\/fr\/wp-json\/wp\/v2\/product_tag?post=6107"}],"curies":[{"name":"wp","href":"https:\/\/api.w.org\/{rel}","templated":true}]}}