{"id":611,"date":"2000-03-21T00:00:00","date_gmt":"2000-03-21T00:00:00","guid":{"rendered":"https:\/\/miners.rocks\/product\/132\/"},"modified":"2020-05-19T16:55:48","modified_gmt":"2020-05-19T16:55:48","slug":"eclogite-de-la-typlockalitaet-saualpe","status":"publish","type":"product","link":"https:\/\/westgem.shop\/fr\/produit\/eclogite-de-la-typlockalitaet-saualpe\/","title":{"rendered":"EKLOGIT de la SAUALPE de typlocit\u00e9"},"content":{"rendered":"<p>Kupplerbrunn est le site type historiquement attest\u00e9 , selon les g\u00e9ologues fran\u00e7ais HA\u00fcY , sur la Saualpe en Carinthie orientale.<\/p>\n<p>L'EKLOGIT est une roche m\u00e9tamorphique relativement rare dont les principaux composants sont le GRANAT ( cristaux mixtes d'ALMANDIN, PYROP, SPESSARTIN et ANDRADIT ) et le PYROXEN. Les composants secondaires sont le DISTHENE (CIANYT), le QUARTZ, la CARINTHINE, la ZOISITE et le PURE.<\/p>\n<p>L'image 3 est la face arri\u00e8re.<\/p>\n<p>Cette pi\u00e8ce pr\u00e9sente une rare concentration de grenats sur les deux faces, avec de tr\u00e8s nombreux cristaux,<\/p>\n<p>Poids : 1,7 kilogramme Dimensions : 13 x 13 x 4 cm<\/p>","protected":false},"excerpt":{"rendered":"<p>Kupplerbrunn est la localit\u00e9 type historiquement attest\u00e9e, d'apr\u00e8s le g\u00e9ologue fran\u00e7ais HA\u00fcY , sur la Saualpe en Carinthie orientale. L'EKLOGIT est une roche m\u00e9tamorphique relativement rare dont les principaux composants sont le GRANAT (cristaux mixtes d'ALMANDIN, PYROP, SPESSARTIN et ANDRADIT) et le PYROXEN. Les composants secondaires sont le DISTHENE (CIANYT), le QUARTZ, la CARINTHINE et la ZOISITE. Cette pi\u00e8ce pr\u00e9sente sur les deux faces une [...].<\/p>","protected":false},"featured_media":612,"template":"","meta":{"_acf_changed":false},"region":[],"product_brand":[],"product_cat":[15],"product_tag":[],"class_list":{"0":"post-611","1":"product","2":"type-product","3":"status-publish","4":"has-post-thumbnail","6":"product_cat-mineralien","8":"first","9":"outofstock","10":"sold-individually","11":"product-type-simple"},"acf":[],"_links":{"self":[{"href":"https:\/\/westgem.shop\/fr\/wp-json\/wp\/v2\/product\/611","targetHints":{"allow":["GET"]}}],"collection":[{"href":"https:\/\/westgem.shop\/fr\/wp-json\/wp\/v2\/product"}],"about":[{"href":"https:\/\/westgem.shop\/fr\/wp-json\/wp\/v2\/types\/product"}],"wp:featuredmedia":[{"embeddable":true,"href":"https:\/\/westgem.shop\/fr\/wp-json\/wp\/v2\/media\/612"}],"wp:attachment":[{"href":"https:\/\/westgem.shop\/fr\/wp-json\/wp\/v2\/media?parent=611"}],"wp:term":[{"taxonomy":"region","embeddable":true,"href":"https:\/\/westgem.shop\/fr\/wp-json\/wp\/v2\/region?post=611"},{"taxonomy":"product_brand","embeddable":true,"href":"https:\/\/westgem.shop\/fr\/wp-json\/wp\/v2\/product_brand?post=611"},{"taxonomy":"product_cat","embeddable":true,"href":"https:\/\/westgem.shop\/fr\/wp-json\/wp\/v2\/product_cat?post=611"},{"taxonomy":"product_tag","embeddable":true,"href":"https:\/\/westgem.shop\/fr\/wp-json\/wp\/v2\/product_tag?post=611"}],"curies":[{"name":"wp","href":"https:\/\/api.w.org\/{rel}","templated":true}]}}