{"id":6116,"date":"2002-12-31T00:00:00","date_gmt":"2002-12-31T00:00:00","guid":{"rendered":"https:\/\/miners.rocks\/product\/pyrit-xx-auf-haematit-waldenstein\/"},"modified":"2020-05-19T17:05:41","modified_gmt":"2020-05-19T17:05:41","slug":"pyrite-xx-sur-haematite-waldenstein","status":"publish","type":"product","link":"https:\/\/westgem.shop\/fr\/produit\/pyrite-xx-sur-haematite-waldenstein\/","title":{"rendered":"PYRIT xx sur H\u00c4MATIT - PIERRE DE FOR\u00caT"},"content":{"rendered":"<p>Marche ancienne de premi\u00e8re qualit\u00e9 provenant d'un site c\u00e9l\u00e8bre de Carinthie<\/p>\n<p>WALDENSTEIN - Coralpe Carinthie<\/p>\n<p>La seule mine actuellement encore en activit\u00e9 en Carinthie extrait du FER GLIMMAIRE pour la production de peintures antirouille principalement. Malheureusement, cela fait des ann\u00e9es qu'aucune d\u00e9couverte de PYRITE n'a \u00e9t\u00e9 faite.<\/p>\n<p>Cette marche a \u00e9t\u00e9 r\u00e9cup\u00e9r\u00e9e il y a 25 ans et se trouvait en possession d'un collectionneur.<\/p>\n<p><u>Cristaux PYRITE dor\u00e9s brillants avec un bel \u00e9clat de surface sur h\u00e9matite noire profonde - FER LUMINEUX<\/u><\/p>\n<p>Poids : 4,7 kilogrammes Dimensions : 20 x 13 x 12 cm<\/p>","protected":false},"excerpt":{"rendered":"<p>Ancienne marche de premi\u00e8re classe provenant d'un site c\u00e9l\u00e8bre de Carinthie WALDENSTEIN - Koralpe Carinthie La seule mine actuellement encore en activit\u00e9 en Carinthie exploite du FEUILLIS DE FER pour la production principale de peintures antirouille. Malheureusement, cela fait des ann\u00e9es qu'aucune d\u00e9couverte de PYRITE n'a \u00e9t\u00e9 faite. Ce niveau a \u00e9t\u00e9 r\u00e9cup\u00e9r\u00e9 il y a 25 ans et se trouvait en possession d'un [...].<\/p>","protected":false},"featured_media":6117,"template":"","meta":{"_acf_changed":false},"region":[],"product_brand":[],"product_cat":[15],"product_tag":[],"class_list":{"0":"post-6116","1":"product","2":"type-product","3":"status-publish","4":"has-post-thumbnail","6":"product_cat-mineralien","8":"first","9":"outofstock","10":"sold-individually","11":"product-type-simple"},"acf":[],"_links":{"self":[{"href":"https:\/\/westgem.shop\/fr\/wp-json\/wp\/v2\/product\/6116","targetHints":{"allow":["GET"]}}],"collection":[{"href":"https:\/\/westgem.shop\/fr\/wp-json\/wp\/v2\/product"}],"about":[{"href":"https:\/\/westgem.shop\/fr\/wp-json\/wp\/v2\/types\/product"}],"wp:featuredmedia":[{"embeddable":true,"href":"https:\/\/westgem.shop\/fr\/wp-json\/wp\/v2\/media\/6117"}],"wp:attachment":[{"href":"https:\/\/westgem.shop\/fr\/wp-json\/wp\/v2\/media?parent=6116"}],"wp:term":[{"taxonomy":"region","embeddable":true,"href":"https:\/\/westgem.shop\/fr\/wp-json\/wp\/v2\/region?post=6116"},{"taxonomy":"product_brand","embeddable":true,"href":"https:\/\/westgem.shop\/fr\/wp-json\/wp\/v2\/product_brand?post=6116"},{"taxonomy":"product_cat","embeddable":true,"href":"https:\/\/westgem.shop\/fr\/wp-json\/wp\/v2\/product_cat?post=6116"},{"taxonomy":"product_tag","embeddable":true,"href":"https:\/\/westgem.shop\/fr\/wp-json\/wp\/v2\/product_tag?post=6116"}],"curies":[{"name":"wp","href":"https:\/\/api.w.org\/{rel}","templated":true}]}}