{"id":6121,"date":"2003-01-01T00:00:00","date_gmt":"2003-01-01T00:00:00","guid":{"rendered":"https:\/\/miners.rocks\/product\/artischockenquarz-xx\/"},"modified":"2020-05-19T17:05:41","modified_gmt":"2020-05-19T17:05:41","slug":"quartz-dartichaut-xx","status":"publish","type":"product","link":"https:\/\/westgem.shop\/fr\/produit\/quartz-dartichaut-xx\/","title":{"rendered":"ARTISCHOCKENQUARZ xx"},"content":{"rendered":"<p>NIVEAU DE CRISTAL DE PREMI\u00c8RE QUALIT\u00c9 !<\/p>\n<p><u>CRISTAL DE MONTAGNE Var. ARTISCHOCKENQUARZ<\/u><\/p>\n<p>Cristaux de quartz prismatiques courts, parfois entrelac\u00e9s avec des cristaux de CHALCOPYRIT = CUPPERKIES.<\/p>\n<p>Ces \"ARTISCHOCKENQUARCES\" typiques \u00e9taient encore relativement fr\u00e9quents \u00e0 la fin des ann\u00e9es 90, mais ne sont plus gu\u00e8re visibles aujourd'hui en raison du manque de nouvelles d\u00e9couvertes.<\/p>\n<p>STUDIO DE COLLECTION intact - BAIA MARE - MARAMURES - ROUMANIE<\/p>\n<p>Les prix de ces marches vont augmenter en permanence \u00e0 l'avenir !<\/p>\n<p>Poids : 2,6 kilogrammes Dim : 20 x 15 x 8 cm<\/p>","protected":false},"excerpt":{"rendered":"<p>NIVEAU DE CRISTAUX DE PREMI\u00c8RE QUALIT\u00c9 ! CRISTAL DE MONTAGNE Vari\u00e9t\u00e9 de QUARTZ DE CHARBON D'ARTISE Cristaux de quartz prismatiques courts, parfois entrelac\u00e9s avec des cristaux de CHALCOPYRITE = CUIVRE. Ces \"ARTISCHOCENQUARZ\" typiques \u00e9taient encore relativement fr\u00e9quents \u00e0 la fin des ann\u00e9es 90, mais on ne les voit plus gu\u00e8re aujourd'hui en raison du manque de nouvelles d\u00e9couvertes. MARAMURES de BAIA MARE [...]<\/p>","protected":false},"featured_media":6122,"template":"","meta":{"_acf_changed":false},"region":[],"product_brand":[],"product_cat":[15],"product_tag":[],"class_list":{"0":"post-6121","1":"product","2":"type-product","3":"status-publish","4":"has-post-thumbnail","6":"product_cat-mineralien","8":"first","9":"outofstock","10":"sold-individually","11":"product-type-simple"},"acf":[],"_links":{"self":[{"href":"https:\/\/westgem.shop\/fr\/wp-json\/wp\/v2\/product\/6121","targetHints":{"allow":["GET"]}}],"collection":[{"href":"https:\/\/westgem.shop\/fr\/wp-json\/wp\/v2\/product"}],"about":[{"href":"https:\/\/westgem.shop\/fr\/wp-json\/wp\/v2\/types\/product"}],"wp:featuredmedia":[{"embeddable":true,"href":"https:\/\/westgem.shop\/fr\/wp-json\/wp\/v2\/media\/6122"}],"wp:attachment":[{"href":"https:\/\/westgem.shop\/fr\/wp-json\/wp\/v2\/media?parent=6121"}],"wp:term":[{"taxonomy":"region","embeddable":true,"href":"https:\/\/westgem.shop\/fr\/wp-json\/wp\/v2\/region?post=6121"},{"taxonomy":"product_brand","embeddable":true,"href":"https:\/\/westgem.shop\/fr\/wp-json\/wp\/v2\/product_brand?post=6121"},{"taxonomy":"product_cat","embeddable":true,"href":"https:\/\/westgem.shop\/fr\/wp-json\/wp\/v2\/product_cat?post=6121"},{"taxonomy":"product_tag","embeddable":true,"href":"https:\/\/westgem.shop\/fr\/wp-json\/wp\/v2\/product_tag?post=6121"}],"curies":[{"name":"wp","href":"https:\/\/api.w.org\/{rel}","templated":true}]}}