{"id":6127,"date":"2003-01-02T00:00:00","date_gmt":"2003-01-02T00:00:00","guid":{"rendered":"https:\/\/miners.rocks\/product\/hochalpin-bk-xx-adular-xx-haematit\/"},"modified":"2020-05-19T17:05:42","modified_gmt":"2020-05-19T17:05:42","slug":"haut-alpin-bk-xx-adular-xx-hematite","status":"publish","type":"product","link":"https:\/\/westgem.shop\/fr\/produit\/haut-alpin-bk-xx-adular-xx-hematite\/","title":{"rendered":"HOCHALPIN - BK xx ADULAR xx - H\u00c4MATIT"},"content":{"rendered":"<p>CRISTAUX DE HAUTE MONTAGNE<\/p>\n<p>CRISTAL DE MONTAGNE xx ADULTE xx H\u00e9matite<\/p>\n<p>Un \u00e9clat myst\u00e9rieux gr\u00e2ce \u00e0 la pr\u00e9sence d'h\u00e9matite noire et de cristaux transparents blancs comme la neige du min\u00e9ral FELDSPAT ADULAR.<\/p>\n<p>Surfaces finales non endommag\u00e9es - bel \u00e9clat de cristal. !<\/p>\n<p>Lieu de d\u00e9couverte : ANKOGEL ( 3.252 m ) - HOHE TAUERN <\/p>\n<p>Carinthie<\/p>\n<p>Poids : 150 g Dimensions : 7 x 5 x 5 cm<\/p>","protected":false},"excerpt":{"rendered":"<p>CRISTAL DE MONTAGNE HAUTE ALPINE xx ADULAR xx H\u00e9matite Un \u00e9clat myst\u00e9rieux gr\u00e2ce \u00e0 une part d'h\u00e9matite noire et en plus des cristaux transparents blancs comme la neige du min\u00e9ral FELDSPAT ADULAR. Surfaces terminales intactes - bel \u00e9clat cristallin ! Lieu de d\u00e9couverte : ANKOGEL ( 3.252 m ) - HOHE TAUERN Carinthie Poids : 150 g Dimensions : 7 x 5 x 5 cm<\/p>","protected":false},"featured_media":6128,"template":"","meta":{"_acf_changed":false},"region":[],"product_brand":[],"product_cat":[15],"product_tag":[],"class_list":{"0":"post-6127","1":"product","2":"type-product","3":"status-publish","4":"has-post-thumbnail","6":"product_cat-mineralien","8":"first","9":"outofstock","10":"sold-individually","11":"product-type-simple"},"acf":[],"_links":{"self":[{"href":"https:\/\/westgem.shop\/fr\/wp-json\/wp\/v2\/product\/6127","targetHints":{"allow":["GET"]}}],"collection":[{"href":"https:\/\/westgem.shop\/fr\/wp-json\/wp\/v2\/product"}],"about":[{"href":"https:\/\/westgem.shop\/fr\/wp-json\/wp\/v2\/types\/product"}],"wp:featuredmedia":[{"embeddable":true,"href":"https:\/\/westgem.shop\/fr\/wp-json\/wp\/v2\/media\/6128"}],"wp:attachment":[{"href":"https:\/\/westgem.shop\/fr\/wp-json\/wp\/v2\/media?parent=6127"}],"wp:term":[{"taxonomy":"region","embeddable":true,"href":"https:\/\/westgem.shop\/fr\/wp-json\/wp\/v2\/region?post=6127"},{"taxonomy":"product_brand","embeddable":true,"href":"https:\/\/westgem.shop\/fr\/wp-json\/wp\/v2\/product_brand?post=6127"},{"taxonomy":"product_cat","embeddable":true,"href":"https:\/\/westgem.shop\/fr\/wp-json\/wp\/v2\/product_cat?post=6127"},{"taxonomy":"product_tag","embeddable":true,"href":"https:\/\/westgem.shop\/fr\/wp-json\/wp\/v2\/product_tag?post=6127"}],"curies":[{"name":"wp","href":"https:\/\/api.w.org\/{rel}","templated":true}]}}