{"id":6142,"date":"2003-01-05T00:00:00","date_gmt":"2003-01-05T00:00:00","guid":{"rendered":"https:\/\/miners.rocks\/product\/tigereisen-rohstein\/"},"modified":"2020-05-19T17:05:45","modified_gmt":"2020-05-19T17:05:45","slug":"pierre-brute-de-fer-de-tigre","status":"publish","type":"product","link":"https:\/\/westgem.shop\/fr\/produit\/pierre-brute-de-fer-de-tigre\/","title":{"rendered":"Fer de tigre, pierre brute"},"content":{"rendered":"<p>Le fer Tigre est un m\u00e9lange min\u00e9ral compos\u00e9 des \u00e9l\u00e9ments suivants.. :<\/p>\n<p>Jaspe brun        <\/p>\n<p>Oeil de tigre dor\u00e9 et<\/p>\n<p>noir, veines m\u00e9talliques brillantes de magn\u00e9tite.<\/p>\n<p>Ces minerais de fer ruban\u00e9s sont sortis de volcans sous-marins il y a plus de 2 MILLIARDS d'ann\u00e9es. Les autres composants se sont form\u00e9s plus d'un MILLIARDE d'ann\u00e9es plus tard.<\/p>\n<p>La pi\u00e8ce provient de la BANDET IRON MINE \u00e0 TRANSVAAL - AFRIQUE DU SUD<\/p>\n<p>Poids : 0,72 kilogramme Dimensions : 11 x 7 x 4 cm<\/p>","protected":false},"excerpt":{"rendered":"<p>Le fer tigr\u00e9 est un m\u00e9lange min\u00e9ral compos\u00e9 des \u00e9l\u00e9ments suivants : Jaspe brun Oeil de tigre dor\u00e9 et veines de magn\u00e9tite noires et m\u00e9talliques. Ces minerais de fer ruban\u00e9s sont sortis de volcans sous-marins il y a plus de 2 MILLIARDS d'ann\u00e9es. Les autres composants se sont form\u00e9s plus d'un MILLIARDE d'ann\u00e9es plus tard. La pi\u00e8ce provient de la BANDET IRON [...].<\/p>","protected":false},"featured_media":6143,"template":"","meta":{"_acf_changed":false},"region":[],"product_brand":[],"product_cat":[15],"product_tag":[],"class_list":{"0":"post-6142","1":"product","2":"type-product","3":"status-publish","4":"has-post-thumbnail","6":"product_cat-mineralien","8":"first","9":"outofstock","10":"sold-individually","11":"product-type-simple"},"acf":[],"_links":{"self":[{"href":"https:\/\/westgem.shop\/fr\/wp-json\/wp\/v2\/product\/6142","targetHints":{"allow":["GET"]}}],"collection":[{"href":"https:\/\/westgem.shop\/fr\/wp-json\/wp\/v2\/product"}],"about":[{"href":"https:\/\/westgem.shop\/fr\/wp-json\/wp\/v2\/types\/product"}],"wp:featuredmedia":[{"embeddable":true,"href":"https:\/\/westgem.shop\/fr\/wp-json\/wp\/v2\/media\/6143"}],"wp:attachment":[{"href":"https:\/\/westgem.shop\/fr\/wp-json\/wp\/v2\/media?parent=6142"}],"wp:term":[{"taxonomy":"region","embeddable":true,"href":"https:\/\/westgem.shop\/fr\/wp-json\/wp\/v2\/region?post=6142"},{"taxonomy":"product_brand","embeddable":true,"href":"https:\/\/westgem.shop\/fr\/wp-json\/wp\/v2\/product_brand?post=6142"},{"taxonomy":"product_cat","embeddable":true,"href":"https:\/\/westgem.shop\/fr\/wp-json\/wp\/v2\/product_cat?post=6142"},{"taxonomy":"product_tag","embeddable":true,"href":"https:\/\/westgem.shop\/fr\/wp-json\/wp\/v2\/product_tag?post=6142"}],"curies":[{"name":"wp","href":"https:\/\/api.w.org\/{rel}","templated":true}]}}