{"id":6146,"date":"2003-01-06T00:00:00","date_gmt":"2003-01-06T00:00:00","guid":{"rendered":"https:\/\/miners.rocks\/product\/gelber-opal-afrika\/"},"modified":"2020-05-19T17:05:46","modified_gmt":"2020-05-19T17:05:46","slug":"opale-jaune-afrique","status":"publish","type":"product","link":"https:\/\/westgem.shop\/fr\/produit\/opale-jaune-afrique\/","title":{"rendered":"OPAL jaune - AFRIQUE"},"content":{"rendered":"<p>Pierre brute OPAL jaune verd\u00e2tre<\/p>\n<p>Pas de roche secondaire - ces vari\u00e9t\u00e9s d'OPAL ne font toutefois pas partie des EDELOPALES.<\/p>\n<p>La localit\u00e9 est BETROKA \u00e0 Madagascar.<\/p>\n<p>Poids : 390 g Dimensions : 10 x 9 x 5 cm<\/p>","protected":false},"excerpt":{"rendered":"<p>OPAL jaune verd\u00e2tre - pierre brute Pas de roche secondaire - ces vari\u00e9t\u00e9s d'OPAL ne font toutefois pas partie des OPALES \u00c9LECTRIQUES. Lieu de d\u00e9couverte : BETROKA \u00e0 Madagascar Poids : 390 g Dimensions : 10 x 9 x 5 cm<\/p>","protected":false},"featured_media":6147,"template":"","meta":{"_acf_changed":false},"region":[],"product_brand":[],"product_cat":[15],"product_tag":[],"class_list":{"0":"post-6146","1":"product","2":"type-product","3":"status-publish","4":"has-post-thumbnail","6":"product_cat-mineralien","8":"first","9":"outofstock","10":"sold-individually","11":"product-type-simple"},"acf":[],"_links":{"self":[{"href":"https:\/\/westgem.shop\/fr\/wp-json\/wp\/v2\/product\/6146","targetHints":{"allow":["GET"]}}],"collection":[{"href":"https:\/\/westgem.shop\/fr\/wp-json\/wp\/v2\/product"}],"about":[{"href":"https:\/\/westgem.shop\/fr\/wp-json\/wp\/v2\/types\/product"}],"wp:featuredmedia":[{"embeddable":true,"href":"https:\/\/westgem.shop\/fr\/wp-json\/wp\/v2\/media\/6147"}],"wp:attachment":[{"href":"https:\/\/westgem.shop\/fr\/wp-json\/wp\/v2\/media?parent=6146"}],"wp:term":[{"taxonomy":"region","embeddable":true,"href":"https:\/\/westgem.shop\/fr\/wp-json\/wp\/v2\/region?post=6146"},{"taxonomy":"product_brand","embeddable":true,"href":"https:\/\/westgem.shop\/fr\/wp-json\/wp\/v2\/product_brand?post=6146"},{"taxonomy":"product_cat","embeddable":true,"href":"https:\/\/westgem.shop\/fr\/wp-json\/wp\/v2\/product_cat?post=6146"},{"taxonomy":"product_tag","embeddable":true,"href":"https:\/\/westgem.shop\/fr\/wp-json\/wp\/v2\/product_tag?post=6146"}],"curies":[{"name":"wp","href":"https:\/\/api.w.org\/{rel}","templated":true}]}}